{"id":313,"date":"2024-04-08T16:06:49","date_gmt":"2024-04-08T16:06:49","guid":{"rendered":"https:\/\/editorialjande.com\/?page_id=313"},"modified":"2026-03-26T15:32:26","modified_gmt":"2026-03-26T15:32:26","slug":"collaborators","status":"publish","type":"page","link":"https:\/\/editorialjande.com\/en\/collaborators\/","title":{"rendered":"Collaborators"},"content":{"rendered":"<div data-elementor-type=\"wp-page\" data-elementor-id=\"313\" class=\"elementor elementor-313\" data-elementor-post-type=\"page\">\n\t\t\t\t<div class=\"elementor-element elementor-element-30df3c9 e-flex e-con-boxed e-con e-parent\" data-id=\"30df3c9\" data-element_type=\"container\" data-settings=\"{&quot;background_background&quot;:&quot;gradient&quot;}\">\n\t\t\t\t\t<div class=\"e-con-inner\">\n\t\t\t\t<div class=\"elementor-element elementor-element-2a77c40 elementor-widget elementor-widget-heading\" data-id=\"2a77c40\" data-element_type=\"widget\" data-widget_type=\"heading.default\">\n\t\t\t\t<div class=\"elementor-widget-container\">\n\t\t\t\t\t<h1 class=\"elementor-heading-title elementor-size-default\">Collaborators<\/h1>\t\t\t\t<\/div>\n\t\t\t\t<\/div>\n\t\t\t\t\t<\/div>\n\t\t\t\t<\/div>\n\t\t<div class=\"elementor-element elementor-element-5bb8fa1 e-flex e-con-boxed e-con e-parent\" data-id=\"5bb8fa1\" data-element_type=\"container\">\n\t\t\t\t\t<div class=\"e-con-inner\">\n\t\t\t\t<div class=\"elementor-element elementor-element-82d8b56 elementor-widget elementor-widget-heading\" data-id=\"82d8b56\" data-element_type=\"widget\" data-widget_type=\"heading.default\">\n\t\t\t\t<div class=\"elementor-widget-container\">\n\t\t\t\t\t<p class=\"elementor-heading-title elementor-size-default\">Comptem amb el suport de:<\/p>\t\t\t\t<\/div>\n\t\t\t\t<\/div>\n\t\t\t\t<div class=\"elementor-element elementor-element-8f1b496 elementor-widget elementor-widget-image\" data-id=\"8f1b496\" data-element_type=\"widget\" data-widget_type=\"image.default\">\n\t\t\t\t<div class=\"elementor-widget-container\">\n\t\t\t\t\t\t\t\t\t\t\t\t\t\t\t\t<a href=\"https:\/\/aspasiatravel.es\" target=\"_blank\" rel=\"noopener noreferrer nofollow\">\n\t\t\t\t\t\t\t<img fetchpriority=\"high\" decoding=\"async\" width=\"435\" height=\"191\" src=\"https:\/\/editorialjande.com\/wp-content\/uploads\/2026\/03\/puZkz3w-removebg-preview-e1773397084414.png\" class=\"attachment-full size-full wp-image-2717\" alt=\"\" srcset=\"https:\/\/editorialjande.com\/wp-content\/uploads\/2026\/03\/puZkz3w-removebg-preview-e1773397084414.png 435w, https:\/\/editorialjande.com\/wp-content\/uploads\/2026\/03\/puZkz3w-removebg-preview-e1773397084414-300x132.png 300w, https:\/\/editorialjande.com\/wp-content\/uploads\/2026\/03\/puZkz3w-removebg-preview-e1773397084414-18x8.png 18w\" sizes=\"(max-width: 435px) 100vw, 435px\" \/>\t\t\t\t\t\t\t\t<\/a>\n\t\t\t\t\t\t\t\t\t\t\t\t\t\t\t<\/div>\n\t\t\t\t<\/div>\n\t\t\t\t<div class=\"elementor-element elementor-element-fe94046 elementor-widget elementor-widget-text-editor\" data-id=\"fe94046\" data-element_type=\"widget\" data-widget_type=\"text-editor.default\">\n\t\t\t\t<div class=\"elementor-widget-container\">\n\t\t\t\t\t\t\t\t\t<p>Aspasia Travel \u00e9s un centre de cultura i viatges de Barcelona especialitzat en viatges acompanyats amb professors i professores especialistes que treballen per donar a con\u00e8ixer la hist\u00f2ria dels pa\u00efsos visitats. Des del mar\u00e7 del 2024, Aspasia Travel \u00e9s s\u00f2cia col\u00b7laboradora de Ja\u014bde Editorial i recolza el projecte directament.<\/p>\t\t\t\t\t\t\t\t<\/div>\n\t\t\t\t<\/div>\n\t\t\t\t\t<\/div>\n\t\t\t\t<\/div>\n\t\t<div class=\"elementor-element elementor-element-86e01e2 e-flex e-con-boxed e-con e-parent\" data-id=\"86e01e2\" data-element_type=\"container\">\n\t\t\t\t\t<div class=\"e-con-inner\">\n\t\t\t\t<div class=\"elementor-element elementor-element-5b258e3 elementor-widget elementor-widget-heading\" data-id=\"5b258e3\" data-element_type=\"widget\" data-widget_type=\"heading.default\">\n\t\t\t\t<div class=\"elementor-widget-container\">\n\t\t\t\t\t<p class=\"elementor-heading-title elementor-size-default\">Formem part de:<\/p>\t\t\t\t<\/div>\n\t\t\t\t<\/div>\n\t\t\t\t<div class=\"elementor-element elementor-element-76e3474 elementor-widget elementor-widget-image\" data-id=\"76e3474\" data-element_type=\"widget\" data-widget_type=\"image.default\">\n\t\t\t\t<div class=\"elementor-widget-container\">\n\t\t\t\t\t\t\t\t\t\t\t\t\t\t\t\t<a href=\"https:\/\/llegirencatala.cat\" target=\"_blank\" rel=\"noopener noreferrer nofollow\">\n\t\t\t\t\t\t\t<img decoding=\"async\" width=\"540\" height=\"183\" src=\"https:\/\/editorialjande.com\/wp-content\/uploads\/2026\/03\/lec.png\" class=\"attachment-full size-full wp-image-2759\" alt=\"llegir en catal\u00e0 logo\" srcset=\"https:\/\/editorialjande.com\/wp-content\/uploads\/2026\/03\/lec.png 540w, https:\/\/editorialjande.com\/wp-content\/uploads\/2026\/03\/lec-300x102.png 300w, https:\/\/editorialjande.com\/wp-content\/uploads\/2026\/03\/lec-18x6.png 18w\" sizes=\"(max-width: 540px) 100vw, 540px\" \/>\t\t\t\t\t\t\t\t<\/a>\n\t\t\t\t\t\t\t\t\t\t\t\t\t\t\t<\/div>\n\t\t\t\t<\/div>\n\t\t\t\t<div class=\"elementor-element elementor-element-87ab5b2 elementor-widget elementor-widget-text-editor\" data-id=\"87ab5b2\" data-element_type=\"widget\" data-widget_type=\"text-editor.default\">\n\t\t\t\t<div class=\"elementor-widget-container\">\n\t\t\t\t\t\t\t\t\t<p>Llegir en Catal\u00e0 \u00e9s una associaci\u00f3 d\u2019editorials independents de Catalunya, el Pa\u00eds Valenci\u00e0 i les Illes Balears que treballa per fer-te arribar els millors llibres en catal\u00e0. Posa la nostra feina i tota la seva il\u00b7lusi\u00f3 a favor de la cultura i la literatura en llengua catalana. Les editorials que en formen part no comparteixen cap estructura empresarial, per\u00f2 s\u2019associen per crear projectes que ajudin a difondre millor els llibres respectius, amb l\u2019esperit de sumar forces de manera cooperativa, guanyar visibilitat i contribuir a enfortir el sector.<\/p>\t\t\t\t\t\t\t\t<\/div>\n\t\t\t\t<\/div>\n\t\t\t\t\t<\/div>\n\t\t\t\t<\/div>\n\t\t\t\t<\/div>","protected":false},"excerpt":{"rendered":"<p>Comptem amb el suport de: Aspasia Travel \u00e9s un centre de cultura i viatges de Barcelona especialitzat en viatges acompanyats amb professors i professores especialistes que treballen per donar a con\u00e8ixer la hist\u00f2ria dels pa\u00efsos visitats. Des del mar\u00e7 del 2024, Aspasia Travel \u00e9s s\u00f2cia col\u00b7laboradora de Ja\u014bde Editorial i recolza el projecte directament. Formem [&hellip;]<\/p>\n","protected":false},"author":5,"featured_media":0,"parent":0,"menu_order":0,"comment_status":"closed","ping_status":"closed","template":"","meta":{"_acf_changed":false,"footnotes":""},"class_list":["post-313","page","type-page","status-publish","hentry"],"acf":[],"_links":{"self":[{"href":"https:\/\/editorialjande.com\/en\/wp-json\/wp\/v2\/pages\/313","targetHints":{"allow":["GET"]}}],"collection":[{"href":"https:\/\/editorialjande.com\/en\/wp-json\/wp\/v2\/pages"}],"about":[{"href":"https:\/\/editorialjande.com\/en\/wp-json\/wp\/v2\/types\/page"}],"author":[{"embeddable":true,"href":"https:\/\/editorialjande.com\/en\/wp-json\/wp\/v2\/users\/5"}],"replies":[{"embeddable":true,"href":"https:\/\/editorialjande.com\/en\/wp-json\/wp\/v2\/comments?post=313"}],"version-history":[{"count":25,"href":"https:\/\/editorialjande.com\/en\/wp-json\/wp\/v2\/pages\/313\/revisions"}],"predecessor-version":[{"id":2762,"href":"https:\/\/editorialjande.com\/en\/wp-json\/wp\/v2\/pages\/313\/revisions\/2762"}],"wp:attachment":[{"href":"https:\/\/editorialjande.com\/en\/wp-json\/wp\/v2\/media?parent=313"}],"curies":[{"name":"wp","href":"https:\/\/api.w.org\/{rel}","templated":true}]}}