{"id":616,"date":"2024-10-05T08:18:09","date_gmt":"2024-10-05T08:18:09","guid":{"rendered":"https:\/\/editorialjande.com\/my-account\/"},"modified":"2026-01-05T17:14:54","modified_gmt":"2026-01-05T17:14:54","slug":"account","status":"publish","type":"page","link":"https:\/\/editorialjande.com\/en\/account\/","title":{"rendered":"Watch out"},"content":{"rendered":"<div data-elementor-type=\"wp-page\" data-elementor-id=\"616\" class=\"elementor elementor-616\" data-elementor-post-type=\"page\">\n\t\t\t\t<div class=\"elementor-element elementor-element-30759a5 e-flex e-con-boxed e-con e-parent\" data-id=\"30759a5\" data-element_type=\"container\" data-settings=\"{&quot;background_background&quot;:&quot;gradient&quot;}\">\n\t\t\t\t\t<div class=\"e-con-inner\">\n\t\t\t\t<div class=\"elementor-element elementor-element-81d4552 elementor-widget elementor-widget-heading\" data-id=\"81d4552\" data-element_type=\"widget\" data-widget_type=\"heading.default\">\n\t\t\t\t<div class=\"elementor-widget-container\">\n\t\t\t\t\t<h1 class=\"elementor-heading-title elementor-size-default\">Watch out<\/h1>\t\t\t\t<\/div>\n\t\t\t\t<\/div>\n\t\t\t\t\t<\/div>\n\t\t\t\t<\/div>\n\t\t<div class=\"elementor-element elementor-element-3763df61 e-flex e-con-boxed e-con e-parent\" data-id=\"3763df61\" data-element_type=\"container\">\n\t\t\t\t\t<div class=\"e-con-inner\">\n\t\t\t\t<div class=\"elementor-element elementor-element-54cf404 e-my-account-tabs-horizontal elementor-widget__width-inherit elementor-widget elementor-widget-woocommerce-my-account\" data-id=\"54cf404\" data-element_type=\"widget\" data-widget_type=\"woocommerce-my-account.default\">\n\t\t\t\t<div class=\"elementor-widget-container\">\n\t\t\t\t\t<div class=\"e-my-account-tab e-my-account-tab__\">\t\t\t<div class=\"woocommerce\"><\/div>\t\t<\/div>\n\t\t\t\t\t\t<\/div>\n\t\t\t\t<\/div>\n\t\t\t\t\t<\/div>\n\t\t\t\t<\/div>\n\t\t\t\t<\/div>","protected":false},"excerpt":{"rendered":"<p>Taulell Comandes desc\u00e0rregues Adre\u00e7a M\u00e8todes de pagament Detalles del compte Subscripcions Sortir Taulell Comandes desc\u00e0rregues Adre\u00e7a M\u00e8todes de pagament Detalles del compte Subscripcions Sortir Taulell Comandes desc\u00e0rregues Adre\u00e7a M\u00e8todes de pagament Detalles del compte Subscripcions Sortir Taulell Comandes desc\u00e0rregues Adre\u00e7a M\u00e8todes de pagament Detalles del compte Subscripcions Sortir Hola codalista (no sou codalista? Tanca la [&hellip;]<\/p>\n","protected":false},"author":5,"featured_media":0,"parent":0,"menu_order":0,"comment_status":"closed","ping_status":"closed","template":"","meta":{"_acf_changed":false,"footnotes":""},"class_list":["post-616","page","type-page","status-publish","hentry"],"acf":[],"_links":{"self":[{"href":"https:\/\/editorialjande.com\/en\/wp-json\/wp\/v2\/pages\/616","targetHints":{"allow":["GET"]}}],"collection":[{"href":"https:\/\/editorialjande.com\/en\/wp-json\/wp\/v2\/pages"}],"about":[{"href":"https:\/\/editorialjande.com\/en\/wp-json\/wp\/v2\/types\/page"}],"author":[{"embeddable":true,"href":"https:\/\/editorialjande.com\/en\/wp-json\/wp\/v2\/users\/5"}],"replies":[{"embeddable":true,"href":"https:\/\/editorialjande.com\/en\/wp-json\/wp\/v2\/comments?post=616"}],"version-history":[{"count":22,"href":"https:\/\/editorialjande.com\/en\/wp-json\/wp\/v2\/pages\/616\/revisions"}],"predecessor-version":[{"id":1573,"href":"https:\/\/editorialjande.com\/en\/wp-json\/wp\/v2\/pages\/616\/revisions\/1573"}],"wp:attachment":[{"href":"https:\/\/editorialjande.com\/en\/wp-json\/wp\/v2\/media?parent=616"}],"curies":[{"name":"wp","href":"https:\/\/api.w.org\/{rel}","templated":true}]}}