{"id":623,"date":"2024-10-05T11:12:13","date_gmt":"2024-10-05T11:12:13","guid":{"rendered":"https:\/\/editorialjande.com\/?post_type=product&#038;p=623"},"modified":"2025-07-26T06:24:26","modified_gmt":"2025-07-26T06:24:26","slug":"protective-subscription","status":"publish","type":"product","link":"https:\/\/editorialjande.com\/en\/product-2\/protective-subscription\/","title":{"rendered":"PROTECTIVE SUBSCRIPTION"},"content":{"rendered":"<p>Amb aquesta subscripci\u00f3 #model3 d&#8217;un any a Ja\u014bde Editorial rebr\u00e0s:<\/p>\n<p>&#8211;<b>Tres llibres<\/b>\u00a0(you can choose from any of the titles available in our catalog)<br \/>\n&#8211;<b>Special bookmarks<\/b>\u00a0for the subscription<br \/>\n&#8211;<b>Newsletters\u00a0<\/b>with exclusive literary and social content<br \/>\n&#8211;<b>Preferential assistance\u00a0<\/b>to the events we organize<br \/>\n* Shipping included.<\/p>","protected":false},"excerpt":{"rendered":"<p><b>NOTE:<\/b>\u00a0You will be able to choose which bookstore you want us to assign the sale of your book to. At Ja\u014bde Editorial we believe in the importance of taking care of our local bookstores.<\/p>","protected":false},"featured_media":711,"template":"","meta":{"_acf_changed":false},"any":[],"autor":[],"colleccio":[],"mes":[],"semestre":[],"product_brand":[],"product_cat":[88],"product_tag":[],"class_list":{"0":"post-623","1":"product","2":"type-product","3":"status-publish","4":"has-post-thumbnail","6":"product_cat-subscripcions","8":"first","9":"instock","10":"virtual","11":"sold-individually","12":"purchasable","13":"product-type-simple"},"acf":[],"_links":{"self":[{"href":"https:\/\/editorialjande.com\/en\/wp-json\/wp\/v2\/product\/623","targetHints":{"allow":["GET"]}}],"collection":[{"href":"https:\/\/editorialjande.com\/en\/wp-json\/wp\/v2\/product"}],"about":[{"href":"https:\/\/editorialjande.com\/en\/wp-json\/wp\/v2\/types\/product"}],"wp:featuredmedia":[{"embeddable":true,"href":"https:\/\/editorialjande.com\/en\/wp-json\/wp\/v2\/media\/711"}],"wp:attachment":[{"href":"https:\/\/editorialjande.com\/en\/wp-json\/wp\/v2\/media?parent=623"}],"wp:term":[{"taxonomy":"any","embeddable":true,"href":"https:\/\/editorialjande.com\/en\/wp-json\/wp\/v2\/any?post=623"},{"taxonomy":"autor","embeddable":true,"href":"https:\/\/editorialjande.com\/en\/wp-json\/wp\/v2\/autor?post=623"},{"taxonomy":"colleccio","embeddable":true,"href":"https:\/\/editorialjande.com\/en\/wp-json\/wp\/v2\/colleccio?post=623"},{"taxonomy":"mes","embeddable":true,"href":"https:\/\/editorialjande.com\/en\/wp-json\/wp\/v2\/mes?post=623"},{"taxonomy":"semestre","embeddable":true,"href":"https:\/\/editorialjande.com\/en\/wp-json\/wp\/v2\/semestre?post=623"},{"taxonomy":"product_brand","embeddable":true,"href":"https:\/\/editorialjande.com\/en\/wp-json\/wp\/v2\/product_brand?post=623"},{"taxonomy":"product_cat","embeddable":true,"href":"https:\/\/editorialjande.com\/en\/wp-json\/wp\/v2\/product_cat?post=623"},{"taxonomy":"product_tag","embeddable":true,"href":"https:\/\/editorialjande.com\/en\/wp-json\/wp\/v2\/product_tag?post=623"}],"curies":[{"name":"wp","href":"https:\/\/api.w.org\/{rel}","templated":true}]}}