{"id":706,"date":"2024-10-06T17:54:27","date_gmt":"2024-10-06T17:54:27","guid":{"rendered":"https:\/\/editorialjande.com\/?post_type=cataleg&#038;p=706"},"modified":"2026-05-12T11:20:25","modified_gmt":"2026-05-12T11:20:25","slug":"migrant-mothers","status":"publish","type":"product","link":"https:\/\/editorialjande.com\/en\/product-2\/migrant-mothers\/","title":{"rendered":"Migrant Mothers"},"content":{"rendered":"<p class=\"translation-block\">Mares Migrants \u00e9s un poemari i una nota d\u2019agra\u00efment.<br>\r\nUna felicitaci\u00f3, un homenatge a les mares migrants, una porta a la reparaci\u00f3 que no es van poder permetre entre tanta lluita. Una invitaci\u00f3 personal i necess\u00e0ria que les seves filles i fills siguin tamb\u00e9 confidents. El desig que les seves hist\u00f2ries arribin lluny i no morin mai.<br>\r\nUn llegat per als seus nets i netes. Cap\u00edtols per als llibres d\u2019hist\u00f2ria de les generacions vinents.<br>\r\nUna oda al migrant i, potser, un manual de superviv\u00e8ncia.<br>\r\nUn amulet. I tantes altres coses.<\/p>\n<p>Despr\u00e9s d\u2019anys de recitals, F\u00e0tima Saheb ens ofereix en la seva primera obra publicada una lectura plena d\u2019emoci\u00f3 i, sobretot, just\u00edcia po\u00e8tica que transcendeix la mateixa experi\u00e8ncia de la migraci\u00f3 i les seves conseq\u00fc\u00e8ncies.<\/p>\n<p><strong>Pr\u00f2leg de Desir\u00e9e Bela-Lobedde<\/strong><\/p>","protected":false},"excerpt":{"rendered":"<p style=\"text-align: center;\">\u00abA Mares Migrants, la F\u00e0tima reconeix una cosa que, a vegades, se\u2019ns oblida: que les nostres mares eren elles, abans de ser migrants i abans d\u2019esdevenir mares.\u00bb<br \/>\n<strong>Desir\u00e9e Bela-Lobedde<\/strong><\/p>\n<p style=\"text-align: center;\">\u00abF\u00e0tima Saheb ressegueix amb una delicadesa massa vegades dolorosa el cam\u00ed de les mares que, com la seva, van prendre la decisi\u00f3 de la migraci\u00f3 i les homenatja des d\u2019una posici\u00f3 lluminosa per parlar de vincles, d\u2019identitats i de mem\u00f2ria.\u00bb<br \/>\n<strong>Merc\u00e8 Folch<\/strong><\/p>","protected":false},"featured_media":1644,"template":"","meta":{"_acf_changed":false},"any":[53],"autor":[70],"colleccio":[52],"mes":[64],"semestre":[67],"product_brand":[],"product_cat":[87],"product_tag":[],"class_list":{"0":"post-706","1":"product","2":"type-product","3":"status-publish","4":"has-post-thumbnail","6":"any-53","7":"autor-fatima-saheb","8":"colleccio-taali","9":"mes-febrer","10":"semestre-1r","11":"product_cat-cataleg","13":"first","14":"instock","15":"shipping-taxable","16":"purchasable","17":"product-type-simple"},"acf":[],"_links":{"self":[{"href":"https:\/\/editorialjande.com\/en\/wp-json\/wp\/v2\/product\/706","targetHints":{"allow":["GET"]}}],"collection":[{"href":"https:\/\/editorialjande.com\/en\/wp-json\/wp\/v2\/product"}],"about":[{"href":"https:\/\/editorialjande.com\/en\/wp-json\/wp\/v2\/types\/product"}],"wp:featuredmedia":[{"embeddable":true,"href":"https:\/\/editorialjande.com\/en\/wp-json\/wp\/v2\/media\/1644"}],"wp:attachment":[{"href":"https:\/\/editorialjande.com\/en\/wp-json\/wp\/v2\/media?parent=706"}],"wp:term":[{"taxonomy":"any","embeddable":true,"href":"https:\/\/editorialjande.com\/en\/wp-json\/wp\/v2\/any?post=706"},{"taxonomy":"autor","embeddable":true,"href":"https:\/\/editorialjande.com\/en\/wp-json\/wp\/v2\/autor?post=706"},{"taxonomy":"colleccio","embeddable":true,"href":"https:\/\/editorialjande.com\/en\/wp-json\/wp\/v2\/colleccio?post=706"},{"taxonomy":"mes","embeddable":true,"href":"https:\/\/editorialjande.com\/en\/wp-json\/wp\/v2\/mes?post=706"},{"taxonomy":"semestre","embeddable":true,"href":"https:\/\/editorialjande.com\/en\/wp-json\/wp\/v2\/semestre?post=706"},{"taxonomy":"product_brand","embeddable":true,"href":"https:\/\/editorialjande.com\/en\/wp-json\/wp\/v2\/product_brand?post=706"},{"taxonomy":"product_cat","embeddable":true,"href":"https:\/\/editorialjande.com\/en\/wp-json\/wp\/v2\/product_cat?post=706"},{"taxonomy":"product_tag","embeddable":true,"href":"https:\/\/editorialjande.com\/en\/wp-json\/wp\/v2\/product_tag?post=706"}],"curies":[{"name":"wp","href":"https:\/\/api.w.org\/{rel}","templated":true}]}}