{"id":22,"date":"2024-02-11T10:22:37","date_gmt":"2024-02-11T10:22:37","guid":{"rendered":"https:\/\/editorialjande.com\/?page_id=22"},"modified":"2026-05-03T10:03:19","modified_gmt":"2026-05-03T10:03:19","slug":"la-editorial","status":"publish","type":"page","link":"https:\/\/editorialjande.com\/es\/la-editorial\/","title":{"rendered":"NUESTRA EDITORIAL"},"content":{"rendered":"\t\t<div data-elementor-type=\"wp-post\" data-elementor-id=\"22\" class=\"elementor elementor-22\" data-elementor-post-type=\"page\">\n\t\t\t\t<div class=\"elementor-element elementor-element-5589ab2 e-flex e-con-boxed e-con e-parent\" data-id=\"5589ab2\" data-element_type=\"container\" data-settings=\"{&quot;background_background&quot;:&quot;classic&quot;}\">\n\t\t\t\t\t<div class=\"e-con-inner\">\n\t\t\t\t<div class=\"elementor-element elementor-element-d462534 elementor-widget elementor-widget-heading\" data-id=\"d462534\" data-element_type=\"widget\" data-widget_type=\"heading.default\">\n\t\t\t\t<div class=\"elementor-widget-container\">\n\t\t\t\t\t<h1 class=\"elementor-heading-title elementor-size-default\">L\u2019Editorial<\/h1>\t\t\t\t<\/div>\n\t\t\t\t<\/div>\n\t\t\t\t\t<\/div>\n\t\t\t\t<\/div>\n\t\t<div class=\"elementor-element elementor-element-752578b e-flex e-con-boxed e-con e-parent\" data-id=\"752578b\" data-element_type=\"container\">\n\t\t\t\t\t<div class=\"e-con-inner\">\n\t\t\t\t<div class=\"elementor-element elementor-element-af91ace elementor-widget elementor-widget-text-editor\" data-id=\"af91ace\" data-element_type=\"widget\" data-widget_type=\"text-editor.default\">\n\t\t\t\t<div class=\"elementor-widget-container\">\n\t\t\t\t\t\t\t\t\t<p>Ja\u014bde Editorial \u00e9s una cooperativa editorial de ficci\u00f3 i no-ficci\u00f3 en catal\u00e0 que neix el gener de 2025 entre Barcelona, Vic i Matar\u00f3 amb vocaci\u00f3 social: generar un espai de qualitat per a la literatura que no sab\u00edem que ens mancava.<\/p><p>Fem libres que posen al centre les veus racialitzades i migrades, tant d\u2019autors locals que escriuen en catal\u00e0 o castell\u00e0, com de plomes internacionals, autores d\u2019obres que ens permeten con\u00e8ixer nous mons, noves realitats i noves perspectives que, en realitat, no deixen de ser una altra cara, leg\u00edtima, viva, de la nostra pr\u00f2pia societat.<\/p><p>El mot \u00abJa\u014bdee\u00bb pertany a la llengua fula o pulaar, l\u2019idioma dels fulbe, una \u00e8tnia present a diversos pa\u00efsos de la zona del sud del Sahel, a l\u2019\u00c0frica occidental, amb m\u00e9s de 40 milions de parlants en l\u2019actualitat. \u00abJa\u014bde\u00bb es pot traduir al catal\u00e0 com a \u00ablectura\u00bb i tamb\u00e9 \u00abensenyan\u00e7a\u00bb. El nostre nom \u00e9s el reflex de qu\u00e8 busquem a trav\u00e9s dels nostres llibres.<\/p>\t\t\t\t\t\t\t\t<\/div>\n\t\t\t\t<\/div>\n\t\t\t\t\t<\/div>\n\t\t\t\t<\/div>\n\t\t<div class=\"elementor-element elementor-element-d9abf23 e-flex e-con-boxed e-con e-parent\" data-id=\"d9abf23\" data-element_type=\"container\" data-settings=\"{&quot;background_background&quot;:&quot;classic&quot;}\">\n\t\t\t\t\t<div class=\"e-con-inner\">\n\t\t\t\t<div class=\"elementor-element elementor-element-af96406 elementor-widget elementor-widget-heading\" data-id=\"af96406\" data-element_type=\"widget\" data-widget_type=\"heading.default\">\n\t\t\t\t<div class=\"elementor-widget-container\">\n\t\t\t\t\t<h1 class=\"elementor-heading-title elementor-size-default\">L\u2019equip<\/h1>\t\t\t\t<\/div>\n\t\t\t\t<\/div>\n\t\t\t\t\t<\/div>\n\t\t\t\t<\/div>\n\t\t<div class=\"elementor-element elementor-element-e44ab78 e-flex e-con-boxed e-con e-parent\" data-id=\"e44ab78\" data-element_type=\"container\" data-settings=\"{&quot;background_background&quot;:&quot;classic&quot;}\">\n\t\t\t\t\t<div class=\"e-con-inner\">\n\t\t<div class=\"elementor-element elementor-element-cc218e2 e-con-full e-flex e-con e-child\" data-id=\"cc218e2\" data-element_type=\"container\" data-settings=\"{&quot;background_background&quot;:&quot;classic&quot;}\">\n\t\t\t\t<div class=\"elementor-element elementor-element-98a76fe elementor-widget elementor-widget-image\" data-id=\"98a76fe\" data-element_type=\"widget\" data-widget_type=\"image.default\">\n\t\t\t\t<div class=\"elementor-widget-container\">\n\t\t\t\t\t\t\t\t\t\t\t\t\t\t\t<img fetchpriority=\"high\" decoding=\"async\" width=\"224\" height=\"224\" src=\"https:\/\/editorialjande.com\/wp-content\/uploads\/2024\/02\/placeholder-demo-image-112x112-1.jpg\" class=\"attachment-full size-full wp-image-169\" alt=\"\" srcset=\"https:\/\/editorialjande.com\/wp-content\/uploads\/2024\/02\/placeholder-demo-image-112x112-1.jpg 224w, https:\/\/editorialjande.com\/wp-content\/uploads\/2024\/02\/placeholder-demo-image-112x112-1-100x100.jpg 100w, https:\/\/editorialjande.com\/wp-content\/uploads\/2024\/02\/placeholder-demo-image-112x112-1-150x150.jpg 150w\" sizes=\"(max-width: 224px) 100vw, 224px\" \/>\t\t\t\t\t\t\t\t\t\t\t\t\t\t\t<\/div>\n\t\t\t\t<\/div>\n\t\t\t\t<div class=\"elementor-element elementor-element-a2ff237 elementor-widget elementor-widget-heading\" data-id=\"a2ff237\" data-element_type=\"widget\" data-widget_type=\"heading.default\">\n\t\t\t\t<div class=\"elementor-widget-container\">\n\t\t\t\t\t<h2 class=\"elementor-heading-title elementor-size-default\">Diana Rahmouni Audenis<\/h2>\t\t\t\t<\/div>\n\t\t\t\t<\/div>\n\t\t\t\t<div class=\"elementor-element elementor-element-ff362c2 elementor-widget elementor-widget-heading\" data-id=\"ff362c2\" data-element_type=\"widget\" data-widget_type=\"heading.default\">\n\t\t\t\t<div class=\"elementor-widget-container\">\n\t\t\t\t\t<p class=\"elementor-heading-title elementor-size-default\">Cofundadora i editora<\/p>\t\t\t\t<\/div>\n\t\t\t\t<\/div>\n\t\t\t\t<div class=\"elementor-element elementor-element-02dbaab elementor-widget elementor-widget-text-editor\" data-id=\"02dbaab\" data-element_type=\"widget\" data-widget_type=\"text-editor.default\">\n\t\t\t\t<div class=\"elementor-widget-container\">\n\t\t\t\t\t\t\t\t\t<p>graduada en Lleng\u00fces i Literatures Modernes per la Universitat de Barcelona, amb un m\u00e0ster en Edici\u00f3 per Taller de los Libros i amb un postgrau de Cultura, Lectura i Literatura per a Infants i Joves per la Universitat de Val\u00e8ncia, \u00e9s filla de pare siri\u00e0 i mare catalana i durant molts anys ha viscut pensant que la literatura \u00e0rab era un misteri inaccessible.<\/p>\t\t\t\t\t\t\t\t<\/div>\n\t\t\t\t<\/div>\n\t\t\t\t<\/div>\n\t\t<div class=\"elementor-element elementor-element-046d6a7 e-con-full e-flex e-con e-child\" data-id=\"046d6a7\" data-element_type=\"container\" data-settings=\"{&quot;background_background&quot;:&quot;classic&quot;}\">\n\t\t\t\t<div class=\"elementor-element elementor-element-9185bb0 elementor-widget elementor-widget-image\" data-id=\"9185bb0\" data-element_type=\"widget\" data-widget_type=\"image.default\">\n\t\t\t\t<div class=\"elementor-widget-container\">\n\t\t\t\t\t\t\t\t\t\t\t\t\t\t\t<img fetchpriority=\"high\" decoding=\"async\" width=\"224\" height=\"224\" src=\"https:\/\/editorialjande.com\/wp-content\/uploads\/2024\/02\/placeholder-demo-image-112x112-1.jpg\" class=\"attachment-full size-full wp-image-169\" alt=\"\" srcset=\"https:\/\/editorialjande.com\/wp-content\/uploads\/2024\/02\/placeholder-demo-image-112x112-1.jpg 224w, https:\/\/editorialjande.com\/wp-content\/uploads\/2024\/02\/placeholder-demo-image-112x112-1-100x100.jpg 100w, https:\/\/editorialjande.com\/wp-content\/uploads\/2024\/02\/placeholder-demo-image-112x112-1-150x150.jpg 150w\" sizes=\"(max-width: 224px) 100vw, 224px\" \/>\t\t\t\t\t\t\t\t\t\t\t\t\t\t\t<\/div>\n\t\t\t\t<\/div>\n\t\t\t\t<div class=\"elementor-element elementor-element-47c365e elementor-widget elementor-widget-heading\" data-id=\"47c365e\" data-element_type=\"widget\" data-widget_type=\"heading.default\">\n\t\t\t\t<div class=\"elementor-widget-container\">\n\t\t\t\t\t<h2 class=\"elementor-heading-title elementor-size-default\">Aissata M\u2019ballo Diao<\/h2>\t\t\t\t<\/div>\n\t\t\t\t<\/div>\n\t\t\t\t<div class=\"elementor-element elementor-element-c8dd40f elementor-widget elementor-widget-heading\" data-id=\"c8dd40f\" data-element_type=\"widget\" data-widget_type=\"heading.default\">\n\t\t\t\t<div class=\"elementor-widget-container\">\n\t\t\t\t\t<p class=\"elementor-heading-title elementor-size-default\">Cofundadora i editora<\/p>\t\t\t\t<\/div>\n\t\t\t\t<\/div>\n\t\t\t\t<div class=\"elementor-element elementor-element-0ecee4e elementor-widget elementor-widget-text-editor\" data-id=\"0ecee4e\" data-element_type=\"widget\" data-widget_type=\"text-editor.default\">\n\t\t\t\t<div class=\"elementor-widget-container\">\n\t\t\t\t\t\t\t\t\t<p>graduada en Periodisme i Humanitats per la Universitat Pompeu Fabra i amb un m\u00e0ster en Edici\u00f3 per la UPF-BSM, \u00e9s filla de pares senegalesos i tenia vint-i-tres anys quan va veure\u2019s representada per primera vegada en la coberta d\u2019un llibre de ficci\u00f3.<\/p>\t\t\t\t\t\t\t\t<\/div>\n\t\t\t\t<\/div>\n\t\t\t\t<\/div>\n\t\t\t\t\t<\/div>\n\t\t\t\t<\/div>\n\t\t<div class=\"elementor-element elementor-element-775f46b e-con-full e-flex e-con e-parent\" data-id=\"775f46b\" data-element_type=\"container\" data-settings=\"{&quot;background_background&quot;:&quot;classic&quot;}\">\n\t\t<div class=\"elementor-element elementor-element-a38d096 e-flex e-con-boxed e-con e-child\" data-id=\"a38d096\" data-element_type=\"container\" data-settings=\"{&quot;background_background&quot;:&quot;classic&quot;}\">\n\t\t\t\t\t<div class=\"e-con-inner\">\n\t\t\t\t<div class=\"elementor-element elementor-element-d5ac979 elementor-widget elementor-widget-heading\" data-id=\"d5ac979\" data-element_type=\"widget\" data-widget_type=\"heading.default\">\n\t\t\t\t<div class=\"elementor-widget-container\">\n\t\t\t\t\t<h2 class=\"elementor-heading-title elementor-size-default\">Sosteniblitat<\/h2>\t\t\t\t<\/div>\n\t\t\t\t<\/div>\n\t\t\t\t<div class=\"elementor-element elementor-element-8290192 elementor-widget elementor-widget-text-editor\" data-id=\"8290192\" data-element_type=\"widget\" data-widget_type=\"text-editor.default\">\n\t\t\t\t<div class=\"elementor-widget-container\">\n\t\t\t\t\t\t\t\t\t<p>Imprimir de forma sostenible i respectuosa amb el medi ambient i fer-ho amb un acabat de qualitat forma part del que volem com a projecte. Treballem amb impremtes cooperatives de proximitat, a Catalunya, i el paper que fem servir t\u00e9 certificaci\u00f3 FSC de boscos gestionats de forma sostenible.<\/p>\t\t\t\t\t\t\t\t<\/div>\n\t\t\t\t<\/div>\n\t\t\t\t\t<\/div>\n\t\t\t\t<\/div>\n\t\t\t\t<\/div>\n\t\t<div class=\"elementor-element elementor-element-69a054e e-flex e-con-boxed e-con e-parent\" data-id=\"69a054e\" data-element_type=\"container\">\n\t\t\t\t\t<div class=\"e-con-inner\">\n\t\t\t\t<div class=\"elementor-element elementor-element-3215097 elementor-widget elementor-widget-spacer\" data-id=\"3215097\" data-element_type=\"widget\" data-widget_type=\"spacer.default\">\n\t\t\t\t<div class=\"elementor-widget-container\">\n\t\t\t\t\t\t\t<div class=\"elementor-spacer\">\n\t\t\t<div class=\"elementor-spacer-inner\"><\/div>\n\t\t<\/div>\n\t\t\t\t\t\t<\/div>\n\t\t\t\t<\/div>\n\t\t\t\t\t<\/div>\n\t\t\t\t<\/div>\n\t\t<div class=\"elementor-element elementor-element-43c4b3a e-flex e-con-boxed e-con e-parent\" data-id=\"43c4b3a\" data-element_type=\"container\">\n\t\t\t\t\t<div class=\"e-con-inner\">\n\t\t\t\t<div class=\"elementor-element elementor-element-e7068f2 elementor-widget elementor-widget-heading\" data-id=\"e7068f2\" data-element_type=\"widget\" data-widget_type=\"heading.default\">\n\t\t\t\t<div class=\"elementor-widget-container\">\n\t\t\t\t\t<p class=\"elementor-heading-title elementor-size-default\">Subscriu-te al nostre butllet\u00ed per no perdre't cap novetat:<\/p>\t\t\t\t<\/div>\n\t\t\t\t<\/div>\n\t\t\t\t<div class=\"elementor-element elementor-element-ebb59c7 elementor-widget__width-initial elementor-button-align-stretch elementor-widget elementor-widget-form\" data-id=\"ebb59c7\" data-element_type=\"widget\" data-settings=\"{&quot;step_next_label&quot;:&quot;Next&quot;,&quot;step_previous_label&quot;:&quot;Previous&quot;,&quot;step_type&quot;:&quot;number_text&quot;,&quot;step_icon_shape&quot;:&quot;circle&quot;}\" data-widget_type=\"form.default\">\n\t\t\t\t<div class=\"elementor-widget-container\">\n\t\t\t\t\t\t\t<form class=\"elementor-form\" method=\"post\" name=\"Newsletter\" aria-label=\"Newsletter\">\n\t\t\t<input type=\"hidden\" name=\"post_id\" value=\"22\"\/>\n\t\t\t<input type=\"hidden\" name=\"form_id\" value=\"ebb59c7\"\/>\n\t\t\t<input type=\"hidden\" name=\"referer_title\" value=\"\" \/>\n\n\t\t\t\n\t\t\t<div class=\"elementor-form-fields-wrapper elementor-labels-\">\n\t\t\t\t\t\t\t\t<div class=\"elementor-field-type-email elementor-field-group elementor-column elementor-field-group-email elementor-col-100 elementor-field-required\">\n\t\t\t\t\t\t\t\t\t\t\t\t<label for=\"form-field-email\" class=\"elementor-field-label elementor-screen-only\">\n\t\t\t\t\t\t\t\tEmail\t\t\t\t\t\t\t<\/label>\n\t\t\t\t\t\t\t\t\t\t\t\t\t\t<input size=\"1\" type=\"email\" name=\"form_fields[email]\" id=\"form-field-email\" class=\"elementor-field elementor-size-sm  elementor-field-textual\" placeholder=\"el teu correu electr\u00f2nic\" required=\"required\">\n\t\t\t\t\t\t\t\t\t\t\t<\/div>\n\t\t\t\t\t\t\t\t<div class=\"elementor-field-type-recaptcha_v3 elementor-field-group elementor-column elementor-field-group-field_ba2b836 elementor-col-100 recaptcha_v3-bottomright\">\n\t\t\t\t\t<div class=\"elementor-field\" id=\"form-field-field_ba2b836\"><div class=\"elementor-g-recaptcha\" data-sitekey=\"6Le5cGosAAAAAOwfcvWKG3lY4P6kx_IJUuteW1gY\" data-type=\"v3\" data-action=\"Form\" data-badge=\"bottomright\" data-size=\"invisible\"><\/div><\/div>\t\t\t\t<\/div>\n\t\t\t\t\t\t\t\t<div class=\"elementor-field-type-text\">\n\t\t\t\t\t<input size=\"1\" type=\"text\" name=\"form_fields[field_1a42c76]\" id=\"form-field-field_1a42c76\" class=\"elementor-field elementor-size-sm \" style=\"display:none !important;\">\t\t\t\t<\/div>\n\t\t\t\t\t\t\t\t<div class=\"elementor-field-group elementor-column elementor-field-type-submit elementor-col-100 e-form__buttons\">\n\t\t\t\t\t<button class=\"elementor-button elementor-size-sm\" type=\"submit\">\n\t\t\t\t\t\t<span class=\"elementor-button-content-wrapper\">\n\t\t\t\t\t\t\t\t\t\t\t\t\t\t\t\t\t\t\t\t\t\t<span class=\"elementor-button-text\">enviar*<\/span>\n\t\t\t\t\t\t\t\t\t\t\t\t\t<\/span>\n\t\t\t\t\t<\/button>\n\t\t\t\t<\/div>\n\t\t\t<\/div>\n\t\t<\/form>\n\t\t\t\t\t\t<\/div>\n\t\t\t\t<\/div>\n\t\t\t\t<div class=\"elementor-element elementor-element-49c00e8 elementor-widget__width-initial elementor-widget-mobile__width-inherit elementor-widget elementor-widget-heading\" data-id=\"49c00e8\" data-element_type=\"widget\" data-widget_type=\"heading.default\">\n\t\t\t\t<div class=\"elementor-widget-container\">\n\t\t\t\t\t<p class=\"elementor-heading-title elementor-size-default\">*Fent clic a enviar, est\u00e0s confirmant que est\u00e0s d\u2019acord amb la nostra pol\u00edtica de privacitat.<\/p>\t\t\t\t<\/div>\n\t\t\t\t<\/div>\n\t\t\t\t\t<\/div>\n\t\t\t\t<\/div>\n\t\t\t\t<\/div>\n\t\t","protected":false},"excerpt":{"rendered":"<p>L\u2019Editorial Ja\u014bde Editorial \u00e9s una cooperativa editorial de ficci\u00f3 i no-ficci\u00f3 en catal\u00e0 que neix el gener de 2025 entre Barcelona, Vic i Matar\u00f3 amb vocaci\u00f3 social: generar un espai de qualitat per a la literatura que no sab\u00edem que ens mancava. Fem libres que posen al centre les veus racialitzades i migrades, tant d\u2019autors [&hellip;]<\/p>\n","protected":false},"author":5,"featured_media":0,"parent":0,"menu_order":0,"comment_status":"closed","ping_status":"closed","template":"","meta":{"_acf_changed":false,"footnotes":""},"class_list":["post-22","page","type-page","status-publish","hentry"],"acf":[],"_links":{"self":[{"href":"https:\/\/editorialjande.com\/es\/wp-json\/wp\/v2\/pages\/22","targetHints":{"allow":["GET"]}}],"collection":[{"href":"https:\/\/editorialjande.com\/es\/wp-json\/wp\/v2\/pages"}],"about":[{"href":"https:\/\/editorialjande.com\/es\/wp-json\/wp\/v2\/types\/page"}],"author":[{"embeddable":true,"href":"https:\/\/editorialjande.com\/es\/wp-json\/wp\/v2\/users\/5"}],"replies":[{"embeddable":true,"href":"https:\/\/editorialjande.com\/es\/wp-json\/wp\/v2\/comments?post=22"}],"version-history":[{"count":102,"href":"https:\/\/editorialjande.com\/es\/wp-json\/wp\/v2\/pages\/22\/revisions"}],"predecessor-version":[{"id":2922,"href":"https:\/\/editorialjande.com\/es\/wp-json\/wp\/v2\/pages\/22\/revisions\/2922"}],"wp:attachment":[{"href":"https:\/\/editorialjande.com\/es\/wp-json\/wp\/v2\/media?parent=22"}],"curies":[{"name":"wp","href":"https:\/\/api.w.org\/{rel}","templated":true}]}}