{"id":2172,"date":"2025-08-04T18:13:45","date_gmt":"2025-08-04T18:13:45","guid":{"rendered":"https:\/\/editorialjande.com\/?post_type=product&#038;p=2172"},"modified":"2025-11-04T08:56:16","modified_gmt":"2025-11-04T08:56:16","slug":"que-en-dire-del-dia-avui-youssef-maimouni","status":"publish","type":"product","link":"https:\/\/editorialjande.com\/es\/producto\/que-en-dire-del-dia-avui-youssef-maimouni\/","title":{"rendered":"Qu\u00e9 dir\u00e9 del d\u00eda de hoy"},"content":{"rendered":"<p>Tres amigos, tres escritores sin nombre y una enigm\u00e1tica mujer que les espera. Un antiguo restaurante con las mesas reservadas y un camarero deslumbrado. Una ciudad envejecida y familiar que los acoge con las calles vac\u00edas y un viento feroz. Un almuerzo que se eterniza, un tiempo presente que rueda hacia atr\u00e1s en un d\u00eda que no termina.<\/p>\n<p>Youssef El Maimouni nos abre la puerta de un restaurante de T\u00e1nger que fue frecuentado por varias generaciones de escritores y que revisitamos en un ambiente que rezuma realismo m\u00e1gico. \u00bfQui\u00e9nes son los tres escritores? \u00bfQui\u00e9n es la mujer? \u00bfEn qu\u00e9 se han convertido? Y la cuesti\u00f3n de fondo que nos acompa\u00f1a durante toda la narraci\u00f3n: \u00bfpodemos separar la obra del autor? \u00bfPodemos separar la obra del contexto que la rodea? \u00bfC\u00f3mo nos aproximamos a la historia que impregna los espacios y los coloniza desde la literatura?<\/p>\n<p>El autor barcelon\u00e9s nos sorprende con una trama que se dibuja combinando escenas narrativas y teatrales, protagonizadas por personajes atormentados que toman posesi\u00f3n de las p\u00e1ginas y nos atrapan desde el principio.<\/p>","protected":false},"excerpt":{"rendered":"<p style=\"text-align: center;\">\u00abElegante, arriesgada, clarividente, l\u00edrica\u2026Una pieza de c\u00e1mara y, al mismo tiempo, una fantasmagor\u00eda de los mundos que se extinguen. [\u2026] Ha sido todo un descubrimiento.\u00bb <em><strong>Albert Pijuan, autor de 'El gran reemplazo'<\/strong><\/em><\/p>\n<p style=\"text-align: center;\">\u00abRompe barreras entre g\u00e9neros \u2014es novela, es teatro y es poes\u00eda\u2014 y el resultado es lo que siempre buscan los escritores: una historia donde resuenan muchas historias a la misma vez, pasadas, presentes y futuras.\u00bb<em><strong> Marina Espasa, escritora, cr\u00edtica literaria y traductora<\/strong><\/em><\/p>","protected":false},"featured_media":2180,"template":"","meta":{"_acf_changed":false},"any":[53],"autor":[90],"colleccio":[52],"mes":[57],"semestre":[66],"product_brand":[],"product_cat":[87],"product_tag":[93,91,94,92,96,95],"class_list":{"0":"post-2172","1":"product","2":"type-product","3":"status-publish","4":"has-post-thumbnail","6":"any-53","7":"autor-youssef-el-maimouni","8":"colleccio-taali","9":"mes-setembre","10":"semestre-2n","11":"product_cat-cataleg","12":"product_tag-ficcio","13":"product_tag-ficcio-contemporania","14":"product_tag-ficcio-en-catala","15":"product_tag-ficcio-especulativa","16":"product_tag-tanger","17":"product_tag-youssef-el-maimouni","19":"first","20":"instock","21":"shipping-taxable","22":"purchasable","23":"product-type-simple"},"acf":[],"_links":{"self":[{"href":"https:\/\/editorialjande.com\/es\/wp-json\/wp\/v2\/product\/2172","targetHints":{"allow":["GET"]}}],"collection":[{"href":"https:\/\/editorialjande.com\/es\/wp-json\/wp\/v2\/product"}],"about":[{"href":"https:\/\/editorialjande.com\/es\/wp-json\/wp\/v2\/types\/product"}],"wp:featuredmedia":[{"embeddable":true,"href":"https:\/\/editorialjande.com\/es\/wp-json\/wp\/v2\/media\/2180"}],"wp:attachment":[{"href":"https:\/\/editorialjande.com\/es\/wp-json\/wp\/v2\/media?parent=2172"}],"wp:term":[{"taxonomy":"any","embeddable":true,"href":"https:\/\/editorialjande.com\/es\/wp-json\/wp\/v2\/any?post=2172"},{"taxonomy":"autor","embeddable":true,"href":"https:\/\/editorialjande.com\/es\/wp-json\/wp\/v2\/autor?post=2172"},{"taxonomy":"colleccio","embeddable":true,"href":"https:\/\/editorialjande.com\/es\/wp-json\/wp\/v2\/colleccio?post=2172"},{"taxonomy":"mes","embeddable":true,"href":"https:\/\/editorialjande.com\/es\/wp-json\/wp\/v2\/mes?post=2172"},{"taxonomy":"semestre","embeddable":true,"href":"https:\/\/editorialjande.com\/es\/wp-json\/wp\/v2\/semestre?post=2172"},{"taxonomy":"product_brand","embeddable":true,"href":"https:\/\/editorialjande.com\/es\/wp-json\/wp\/v2\/product_brand?post=2172"},{"taxonomy":"product_cat","embeddable":true,"href":"https:\/\/editorialjande.com\/es\/wp-json\/wp\/v2\/product_cat?post=2172"},{"taxonomy":"product_tag","embeddable":true,"href":"https:\/\/editorialjande.com\/es\/wp-json\/wp\/v2\/product_tag?post=2172"}],"curies":[{"name":"wp","href":"https:\/\/api.w.org\/{rel}","templated":true}]}}