{"id":2770,"date":"2026-04-16T08:54:10","date_gmt":"2026-04-16T08:54:10","guid":{"rendered":"https:\/\/editorialjande.com\/?post_type=product&#038;p=2770"},"modified":"2026-04-16T08:58:36","modified_gmt":"2026-04-16T08:58:36","slug":"la-massa-vociferant","status":"publish","type":"product","link":"https:\/\/editorialjande.com\/es\/producto\/la-massa-vociferant\/","title":{"rendered":"La massa vociferant"},"content":{"rendered":"<p><span style=\"font-weight: 400;\">Per a Quinny Mart\u00ednez Hern\u00e1ndez, la paraula escrita \u00e9s un espai per reconstruir genealogies, reclamar just\u00edcia i crear nous imaginaris col\u00b7lectius. <strong>Despr\u00e9s de molts anys lluitant al capdavant d\u2019algunes de les iniciatives m\u00e9s importants del pa\u00eds entorn la literatura migrant, l\u2019autora s\u2019ha consolidat com una referent per a qualsevol persona preocupada per la di\u00e0spora a casa nostra i m\u00e9s enll\u00e0.\u00a0<\/strong><\/span><\/p>\n<p><span style=\"font-weight: 400;\">I ara, per fi, publica la seva pr\u00f2pia hist\u00f2ria a <\/span><i><span style=\"font-weight: 400;\">La massa vociferant<\/span><\/i><span style=\"font-weight: 400;\">,<\/span> <span style=\"font-weight: 400;\">una obra h\u00edbrida on entrella\u00e7a autobiografia, pensament i escriptura po\u00e8tica, i on reivindica l\u2019exist\u00e8ncia caribenya d\u2019origen no com a postal, sin\u00f3 com a fractura lluminosa, des dels vents mesclats i els idiomes que es freguen i muten, des dels arxip\u00e8lags on res no es queda quiet.<\/span><\/p>\n<p><span style=\"font-weight: 400;\">Partint de la idea d\u2019un <\/span><i><span style=\"font-weight: 400;\">maritori<\/span><\/i><span style=\"font-weight: 400;\"> que uneix les seves illes, <strong>Mart\u00ednez ens parla de les lleng\u00fces maternes lligades a una identitat desdibuixada a la for\u00e7a, per\u00f2 que persisteix gr\u00e0cies a la mem\u00f2ria i la paraula escrita.<\/strong> Ens parla del proc\u00e9s viscut com a dona Raizal, negra, migrant, un cos que ha patit l\u2019experi\u00e8ncia de l\u2019internament al CIE per\u00f2 que es ref\u00e0 i s\u2019envolta de reivindicaci\u00f3 i amor.<\/span><\/p>\n<p><span style=\"font-weight: 400;\">A <\/span><i><span style=\"font-weight: 400;\">La massa vociferant<\/span><\/i><span style=\"font-weight: 400;\">, Mart\u00ednez articula les seves viv\u00e8ncies personals, el pensament feminista descolonial i una exploraci\u00f3 conscient de l&#8217;escriptura com a pr\u00e0ctica de resist\u00e8ncia, cures i afirmaci\u00f3 del seu lloc d&#8217;enuig i acci\u00f3. Ho fa a trav\u00e9s de l&#8217;\u00edntim i el combatiu, q\u00fcestionant les narratives hegem\u00f2niques sobre migraci\u00f3, identitat, feminisme, llenguatge i pertinen\u00e7a.<\/span><\/p>","protected":false},"excerpt":{"rendered":"<p style=\"text-align: center;\"><strong>\u00abEntengueu que les nostres escriptures no s\u00f3n de resist\u00e8ncia, sin\u00f3 que s\u00f3n la resist\u00e8ncia, no adornen el m\u00f3n, sin\u00f3 que el sostenen, i per aix\u00f2 cal defensar-les a ultran\u00e7a.\u00bb <i>p\u00e0g. 36<\/i><\/strong><\/p>","protected":false},"featured_media":0,"template":"","meta":{"_acf_changed":false},"any":[127],"autor":[125],"colleccio":[51],"mes":[],"semestre":[],"product_brand":[],"product_cat":[87],"product_tag":[130,138,134,139,137,136,133,135],"class_list":{"0":"post-2770","1":"product","2":"type-product","3":"status-publish","5":"any-127","6":"autor-quinny-martinez-hernandez","7":"colleccio-nazra","8":"product_cat-cataleg","9":"product_tag-antiracisme","10":"product_tag-carib","11":"product_tag-experiencia","12":"product_tag-literatura-migrant","13":"product_tag-plataforma-cero","14":"product_tag-quinny-martinez","15":"product_tag-racial","16":"product_tag-relat-personal","18":"first","19":"instock","20":"shipping-taxable","21":"purchasable","22":"product-type-simple"},"acf":[],"_links":{"self":[{"href":"https:\/\/editorialjande.com\/es\/wp-json\/wp\/v2\/product\/2770","targetHints":{"allow":["GET"]}}],"collection":[{"href":"https:\/\/editorialjande.com\/es\/wp-json\/wp\/v2\/product"}],"about":[{"href":"https:\/\/editorialjande.com\/es\/wp-json\/wp\/v2\/types\/product"}],"wp:attachment":[{"href":"https:\/\/editorialjande.com\/es\/wp-json\/wp\/v2\/media?parent=2770"}],"wp:term":[{"taxonomy":"any","embeddable":true,"href":"https:\/\/editorialjande.com\/es\/wp-json\/wp\/v2\/any?post=2770"},{"taxonomy":"autor","embeddable":true,"href":"https:\/\/editorialjande.com\/es\/wp-json\/wp\/v2\/autor?post=2770"},{"taxonomy":"colleccio","embeddable":true,"href":"https:\/\/editorialjande.com\/es\/wp-json\/wp\/v2\/colleccio?post=2770"},{"taxonomy":"mes","embeddable":true,"href":"https:\/\/editorialjande.com\/es\/wp-json\/wp\/v2\/mes?post=2770"},{"taxonomy":"semestre","embeddable":true,"href":"https:\/\/editorialjande.com\/es\/wp-json\/wp\/v2\/semestre?post=2770"},{"taxonomy":"product_brand","embeddable":true,"href":"https:\/\/editorialjande.com\/es\/wp-json\/wp\/v2\/product_brand?post=2770"},{"taxonomy":"product_cat","embeddable":true,"href":"https:\/\/editorialjande.com\/es\/wp-json\/wp\/v2\/product_cat?post=2770"},{"taxonomy":"product_tag","embeddable":true,"href":"https:\/\/editorialjande.com\/es\/wp-json\/wp\/v2\/product_tag?post=2770"}],"curies":[{"name":"wp","href":"https:\/\/api.w.org\/{rel}","templated":true}]}}