{"id":620,"date":"2024-10-05T08:52:52","date_gmt":"2024-10-05T08:52:52","guid":{"rendered":"https:\/\/editorialjande.com\/?post_type=product&#038;p=620"},"modified":"2025-07-26T06:24:44","modified_gmt":"2025-07-26T06:24:44","slug":"suscripcion-basica","status":"publish","type":"product","link":"https:\/\/editorialjande.com\/es\/producto\/suscripcion-basica\/","title":{"rendered":"SUSCRIPCI\u00d3N BASE"},"content":{"rendered":"<p>Con esta suscripci\u00f3n #model1 de un a\u00f1o a Ja\u014bde Editorial recibir\u00e1s:<\/p>\n<p>&#8211;<b>Un libro<\/b>\u00a0(podr\u00e1s elegir entre cualquiera de los t\u00edtulos disponibles que publiquemos durante el a\u00f1o en curso)<br \/>\n&#8211;<b>Puntos de libro especiales<\/b>\u00a0por la suscripci\u00f3n<br \/>\n&#8211;<b>Boletines\u00a0<\/b>con contenido literario y social exclusivo<br \/>\n&#8211;<b>Asistencia preferente\u00a0<\/b>a los eventos que organizamos<br \/>\n* Env\u00edo incluido.<\/p>\n<p>&nbsp;<\/p>","protected":false},"excerpt":{"rendered":"<p><b>NOTA:<\/b>\u00a0Podr\u00e1s escoger en qu\u00e9 librer\u00eda quieres que asignemos la venta de tu libro. En Ja\u014bde Editorial creemos en la importancia de cuidar nuestras librer\u00edas locales.<\/p>","protected":false},"featured_media":711,"template":"","meta":{"_acf_changed":false},"any":[],"autor":[],"colleccio":[],"mes":[],"semestre":[],"product_brand":[],"product_cat":[88],"product_tag":[],"class_list":{"0":"post-620","1":"product","2":"type-product","3":"status-publish","4":"has-post-thumbnail","6":"product_cat-subscripcions","8":"first","9":"instock","10":"virtual","11":"sold-individually","12":"purchasable","13":"product-type-simple"},"acf":[],"_links":{"self":[{"href":"https:\/\/editorialjande.com\/es\/wp-json\/wp\/v2\/product\/620","targetHints":{"allow":["GET"]}}],"collection":[{"href":"https:\/\/editorialjande.com\/es\/wp-json\/wp\/v2\/product"}],"about":[{"href":"https:\/\/editorialjande.com\/es\/wp-json\/wp\/v2\/types\/product"}],"wp:featuredmedia":[{"embeddable":true,"href":"https:\/\/editorialjande.com\/es\/wp-json\/wp\/v2\/media\/711"}],"wp:attachment":[{"href":"https:\/\/editorialjande.com\/es\/wp-json\/wp\/v2\/media?parent=620"}],"wp:term":[{"taxonomy":"any","embeddable":true,"href":"https:\/\/editorialjande.com\/es\/wp-json\/wp\/v2\/any?post=620"},{"taxonomy":"autor","embeddable":true,"href":"https:\/\/editorialjande.com\/es\/wp-json\/wp\/v2\/autor?post=620"},{"taxonomy":"colleccio","embeddable":true,"href":"https:\/\/editorialjande.com\/es\/wp-json\/wp\/v2\/colleccio?post=620"},{"taxonomy":"mes","embeddable":true,"href":"https:\/\/editorialjande.com\/es\/wp-json\/wp\/v2\/mes?post=620"},{"taxonomy":"semestre","embeddable":true,"href":"https:\/\/editorialjande.com\/es\/wp-json\/wp\/v2\/semestre?post=620"},{"taxonomy":"product_brand","embeddable":true,"href":"https:\/\/editorialjande.com\/es\/wp-json\/wp\/v2\/product_brand?post=620"},{"taxonomy":"product_cat","embeddable":true,"href":"https:\/\/editorialjande.com\/es\/wp-json\/wp\/v2\/product_cat?post=620"},{"taxonomy":"product_tag","embeddable":true,"href":"https:\/\/editorialjande.com\/es\/wp-json\/wp\/v2\/product_tag?post=620"}],"curies":[{"name":"wp","href":"https:\/\/api.w.org\/{rel}","templated":true}]}}