{"id":706,"date":"2024-10-06T17:54:27","date_gmt":"2024-10-06T17:54:27","guid":{"rendered":"https:\/\/editorialjande.com\/?post_type=cataleg&#038;p=706"},"modified":"2026-05-12T11:20:25","modified_gmt":"2026-05-12T11:20:25","slug":"madres-migrantes","status":"publish","type":"product","link":"https:\/\/editorialjande.com\/es\/producto\/madres-migrantes\/","title":{"rendered":"Madres Migrantes"},"content":{"rendered":"<p class=\"translation-block\">Madres Migrantes es un poemario y una nota de agradecimiento.\nUna felicitaci\u00f3n, un homenaje a las madres migrantes, una puerta a la reparaci\u00f3n que no se pudieron permitir entre tanta lucha. Una invitaci\u00f3n personal y necesaria a que sus hijas e hijos sean tambi\u00e9n sus confidentes. El deseo de que sus historias lleguen lejos y no mueran nunca.\nUn legado para sus nietos. Cap\u00edtulos para libros de historia de las generaciones venideras.\nUna oda al migrante y, quiz\u00e1, un manual de supervivencia.\nUn amuleto. Y tantas otras cosas.<\/p>\n<p>Despu\u00e9s de a\u00f1os recitando, F\u00e1tima Saheb nos ofrece en su primera obra publicada una lectura llena de emoci\u00f3n y, ante todo, justicia po\u00e9tica que trasciende la mera experiencia de la migraci\u00f3n y sus consecuencias.<\/p>\n<p><strong>Pr\u00f3logo de Desir\u00e9e Bela-Lobedde<\/strong><\/p>","protected":false},"excerpt":{"rendered":"<p style=\"text-align: center;\">\u00abEn Madres Migrantes, F\u00e1tima reconoce algo que, en ocasiones, se nos olvida: que nuestras madres eran ellas, antes de ser migrantes y antes de devenir madres.\u00bb<br \/>\n<strong>Desir\u00e9e Bela-Lobedde<\/strong><\/p>\n<p style=\"text-align: center;\">\u00abF\u00e1tima Saheb recorre con una delicadeza demasiadas veces dolorosa el camino de las madres que, como la suya, tomaron la decisi\u00f3n de la migraci\u00f3n y las homenajea desde una posici\u00f3n luminosa para hablar de v\u00ednculos, identidades y memoria.\u00bb<br \/>\n<strong>Merc\u00e8 Folch<\/strong><\/p>","protected":false},"featured_media":1644,"template":"","meta":{"_acf_changed":false},"any":[53],"autor":[70],"colleccio":[52],"mes":[64],"semestre":[67],"product_brand":[],"product_cat":[87],"product_tag":[],"class_list":{"0":"post-706","1":"product","2":"type-product","3":"status-publish","4":"has-post-thumbnail","6":"any-53","7":"autor-fatima-saheb","8":"colleccio-taali","9":"mes-febrer","10":"semestre-1r","11":"product_cat-cataleg","13":"first","14":"instock","15":"shipping-taxable","16":"purchasable","17":"product-type-simple"},"acf":[],"_links":{"self":[{"href":"https:\/\/editorialjande.com\/es\/wp-json\/wp\/v2\/product\/706","targetHints":{"allow":["GET"]}}],"collection":[{"href":"https:\/\/editorialjande.com\/es\/wp-json\/wp\/v2\/product"}],"about":[{"href":"https:\/\/editorialjande.com\/es\/wp-json\/wp\/v2\/types\/product"}],"wp:featuredmedia":[{"embeddable":true,"href":"https:\/\/editorialjande.com\/es\/wp-json\/wp\/v2\/media\/1644"}],"wp:attachment":[{"href":"https:\/\/editorialjande.com\/es\/wp-json\/wp\/v2\/media?parent=706"}],"wp:term":[{"taxonomy":"any","embeddable":true,"href":"https:\/\/editorialjande.com\/es\/wp-json\/wp\/v2\/any?post=706"},{"taxonomy":"autor","embeddable":true,"href":"https:\/\/editorialjande.com\/es\/wp-json\/wp\/v2\/autor?post=706"},{"taxonomy":"colleccio","embeddable":true,"href":"https:\/\/editorialjande.com\/es\/wp-json\/wp\/v2\/colleccio?post=706"},{"taxonomy":"mes","embeddable":true,"href":"https:\/\/editorialjande.com\/es\/wp-json\/wp\/v2\/mes?post=706"},{"taxonomy":"semestre","embeddable":true,"href":"https:\/\/editorialjande.com\/es\/wp-json\/wp\/v2\/semestre?post=706"},{"taxonomy":"product_brand","embeddable":true,"href":"https:\/\/editorialjande.com\/es\/wp-json\/wp\/v2\/product_brand?post=706"},{"taxonomy":"product_cat","embeddable":true,"href":"https:\/\/editorialjande.com\/es\/wp-json\/wp\/v2\/product_cat?post=706"},{"taxonomy":"product_tag","embeddable":true,"href":"https:\/\/editorialjande.com\/es\/wp-json\/wp\/v2\/product_tag?post=706"}],"curies":[{"name":"wp","href":"https:\/\/api.w.org\/{rel}","templated":true}]}}