{"id":716,"date":"2024-10-06T18:12:07","date_gmt":"2024-10-06T18:12:07","guid":{"rendered":"https:\/\/editorialjande.com\/?post_type=cataleg&#038;p=716"},"modified":"2026-05-03T09:27:03","modified_gmt":"2026-05-03T09:27:03","slug":"no-es-tan-radical","status":"publish","type":"product","link":"https:\/\/editorialjande.com\/es\/producto\/no-es-tan-radical\/","title":{"rendered":"No es tan radical"},"content":{"rendered":"<p>Fa massa temps que les representacions de l\u2019acci\u00f3 clim\u00e0tica als principals mitjans de comunicaci\u00f3 s\u00f3n blanquejades, rentades en verd i dilu\u00efdes per fer-se compatibles amb el capitalisme. Vivim en un sistema opressiu, generador d\u2019ecoansietat i consumista, amb conseq\u00fc\u00e8ncies ambientals que paguen les masses.<\/p>\n<p>Ara ja sabem que netejar les destrosses no \u00e9s suficient, i que els governs no estan preparats per gestionar els desastres naturals que tamb\u00e9 arriben a casa nostra; les cat\u00e0strofes clim\u00e0tiques han deixat de ser not\u00edcia nom\u00e9s a pa\u00efsos llunyans.<\/p>\n<p>Amb tot, la veu de Mikaela Loach \u00e9s optimista: ser conscients de la import\u00e0ncia de la lluita pel canvi clim\u00e0tic ja no \u00e9s una posici\u00f3 tan radical. La just\u00edcia clim\u00e0tica ofereix una possibilitat real cap a la igualtat i l\u2019alliberament col\u00b7lectiu i aquest text reflexiona sobre q\u00fcestions fonamentals que sovint s\u00f3n apartades del debat: just\u00edcia social, desigualtat econ\u00f2mica, repercussions irreparables en pa\u00efsos que pr\u00e0cticament no contaminen, racisme, capitalisme i colonialisme, i migracions clim\u00e0tiques.<\/p>\n<p>En\u00a0<strong><em>No \u00e9s tan radical. Acci\u00f3 clim\u00e0tica per transformar el nostre m\u00f3n<\/em><\/strong>\u00a0trobem propostes per abordar els reptes del futur amb esperan\u00e7a des d\u2019una perspectiva fresca, antiracista i interseccional.<\/p>","protected":false},"excerpt":{"rendered":"<p style=\"text-align: center;\">\u00abPr\u00e0ctic i urgent. Una crida a la transformaci\u00f3 des de la primera l\u00ednia de la lluita pel planeta i les persones que l\u2019habiten. No tinc cap dubte que No \u00e9s tan radical es convertir\u00e0 en una eina indispensable per a la nova generaci\u00f3 d\u2019activistes.\u00bb,<\/p>\n<p style=\"text-align: center;\"><strong>Naomi Klein<\/strong><\/p>\n<p style=\"text-align: center;\">\u00abUna lectura esperad\u00edssima per a totes aquelles persones que tenen ganes d\u2019entendre les causes sist\u00e8miques de la degradaci\u00f3 clim\u00e0tica i qu\u00e8 poden fer-hi.\u00bb,<\/p>\n<p style=\"text-align: center;\"><em><strong>DAZED<\/strong><\/em><\/p>","protected":false},"featured_media":2004,"template":"","meta":{"_acf_changed":false},"any":[53],"autor":[72],"colleccio":[51],"mes":[62],"semestre":[67],"product_brand":[],"product_cat":[87],"product_tag":[],"class_list":{"0":"post-716","1":"product","2":"type-product","3":"status-publish","4":"has-post-thumbnail","6":"any-53","7":"autor-mikaela-loach","8":"colleccio-nazra","9":"mes-abril","10":"semestre-1r","11":"product_cat-cataleg","13":"first","14":"instock","15":"shipping-taxable","16":"purchasable","17":"product-type-simple"},"acf":[],"_links":{"self":[{"href":"https:\/\/editorialjande.com\/es\/wp-json\/wp\/v2\/product\/716","targetHints":{"allow":["GET"]}}],"collection":[{"href":"https:\/\/editorialjande.com\/es\/wp-json\/wp\/v2\/product"}],"about":[{"href":"https:\/\/editorialjande.com\/es\/wp-json\/wp\/v2\/types\/product"}],"wp:featuredmedia":[{"embeddable":true,"href":"https:\/\/editorialjande.com\/es\/wp-json\/wp\/v2\/media\/2004"}],"wp:attachment":[{"href":"https:\/\/editorialjande.com\/es\/wp-json\/wp\/v2\/media?parent=716"}],"wp:term":[{"taxonomy":"any","embeddable":true,"href":"https:\/\/editorialjande.com\/es\/wp-json\/wp\/v2\/any?post=716"},{"taxonomy":"autor","embeddable":true,"href":"https:\/\/editorialjande.com\/es\/wp-json\/wp\/v2\/autor?post=716"},{"taxonomy":"colleccio","embeddable":true,"href":"https:\/\/editorialjande.com\/es\/wp-json\/wp\/v2\/colleccio?post=716"},{"taxonomy":"mes","embeddable":true,"href":"https:\/\/editorialjande.com\/es\/wp-json\/wp\/v2\/mes?post=716"},{"taxonomy":"semestre","embeddable":true,"href":"https:\/\/editorialjande.com\/es\/wp-json\/wp\/v2\/semestre?post=716"},{"taxonomy":"product_brand","embeddable":true,"href":"https:\/\/editorialjande.com\/es\/wp-json\/wp\/v2\/product_brand?post=716"},{"taxonomy":"product_cat","embeddable":true,"href":"https:\/\/editorialjande.com\/es\/wp-json\/wp\/v2\/product_cat?post=716"},{"taxonomy":"product_tag","embeddable":true,"href":"https:\/\/editorialjande.com\/es\/wp-json\/wp\/v2\/product_tag?post=716"}],"curies":[{"name":"wp","href":"https:\/\/api.w.org\/{rel}","templated":true}]}}