{"id":2172,"date":"2025-08-04T18:13:45","date_gmt":"2025-08-04T18:13:45","guid":{"rendered":"https:\/\/editorialjande.com\/?post_type=product&#038;p=2172"},"modified":"2025-11-04T08:56:16","modified_gmt":"2025-11-04T08:56:16","slug":"que-en-dire-del-dia-avui-youssef-maimouni","status":"publish","type":"product","link":"https:\/\/editorialjande.com\/fr\/produit\/que-en-dire-del-dia-avui-youssef-maimouni\/","title":{"rendered":"Qu\u00e8 en dir\u00e9 del dia d&#8217;avui"},"content":{"rendered":"<p>Tres amics, tres escriptors sense nom i una dona misteriosa que els espera. Un restaurant antic amb les taules reservades i un cambrer enlluernat. Una ciutat vella i familiar que els acull amb els carrers buits i un vent ferotge. Un dinar que s\u2019allarga, un temps present que roda cap enrere en un dia que no s\u2019acaba.<\/p>\n<p>Youssef El Maimouni ens obre la porta d\u2019un restaurant de T\u00e0nger que va ser freq\u00fcentat per generacions d\u2019escriptors i que revisitem en un ambient que traspua realisme m\u00e0gic. Qui s\u00f3n els tres escriptors, qui \u00e9s la dona, en qu\u00e8 s\u2019han convertit? I la q\u00fcesti\u00f3 de fons que ens acompanya durant tota la narraci\u00f3, podem separar l\u2019obra de l\u2019autor? Podem separar l\u2019obra del context que l\u2019envolta? Com ens aproximem a la hist\u00f2ria que impregna els espais i la colonitza des de la literatura?<\/p>\n<p>Vet aqu\u00ed la primera novel\u00b7la escrita en catal\u00e0 de l\u2019autor barcelon\u00ed. Una trama que es dibuixa combinant escenes narratives i teatrals, protagonitzades per uns personatges turmentats que prenen possessi\u00f3 de les p\u00e0gines i ens atrapen des del principi.<\/p>","protected":false},"excerpt":{"rendered":"<p style=\"text-align: center;\">\u00abParlen de creus, de mitges llunes, d\u2019estrelles, de l\u2019origen dels s\u00edmbols, de la metamorfosi del llenguatge, del cam\u00ed invers, d\u2019una travessia de retorn cap a la comunicaci\u00f3 no verbal. Si les lleng\u00fces sobreviuen, sospiten, ser\u00e0 gr\u00e0cies als xafarders, no pas a la literatura.\u00bb <em><strong>p. 69<\/strong><\/em><\/p>\n<p style=\"text-align: center;\">\u00abAmb el dit \u00edndex, la dona dibuixa un cercle i l\u2019escriptor realitza una altra volta a l\u2019escenari, aquest cop sense aturar-se a cada pas, entonant un cant antic, de l\u2019\u00e8poca dels primers conqueridors d\u2019Orient.\u00bb<em><strong> p. 90<\/strong><\/em><\/p>","protected":false},"featured_media":2180,"template":"","meta":{"_acf_changed":false},"any":[53],"autor":[90],"colleccio":[52],"mes":[57],"semestre":[66],"product_brand":[],"product_cat":[87],"product_tag":[93,91,94,92,96,95],"class_list":{"0":"post-2172","1":"product","2":"type-product","3":"status-publish","4":"has-post-thumbnail","6":"any-53","7":"autor-youssef-el-maimouni","8":"colleccio-taali","9":"mes-setembre","10":"semestre-2n","11":"product_cat-cataleg","12":"product_tag-ficcio","13":"product_tag-ficcio-contemporania","14":"product_tag-ficcio-en-catala","15":"product_tag-ficcio-especulativa","16":"product_tag-tanger","17":"product_tag-youssef-el-maimouni","19":"first","20":"instock","21":"shipping-taxable","22":"purchasable","23":"product-type-simple"},"acf":[],"_links":{"self":[{"href":"https:\/\/editorialjande.com\/fr\/wp-json\/wp\/v2\/product\/2172","targetHints":{"allow":["GET"]}}],"collection":[{"href":"https:\/\/editorialjande.com\/fr\/wp-json\/wp\/v2\/product"}],"about":[{"href":"https:\/\/editorialjande.com\/fr\/wp-json\/wp\/v2\/types\/product"}],"wp:featuredmedia":[{"embeddable":true,"href":"https:\/\/editorialjande.com\/fr\/wp-json\/wp\/v2\/media\/2180"}],"wp:attachment":[{"href":"https:\/\/editorialjande.com\/fr\/wp-json\/wp\/v2\/media?parent=2172"}],"wp:term":[{"taxonomy":"any","embeddable":true,"href":"https:\/\/editorialjande.com\/fr\/wp-json\/wp\/v2\/any?post=2172"},{"taxonomy":"autor","embeddable":true,"href":"https:\/\/editorialjande.com\/fr\/wp-json\/wp\/v2\/autor?post=2172"},{"taxonomy":"colleccio","embeddable":true,"href":"https:\/\/editorialjande.com\/fr\/wp-json\/wp\/v2\/colleccio?post=2172"},{"taxonomy":"mes","embeddable":true,"href":"https:\/\/editorialjande.com\/fr\/wp-json\/wp\/v2\/mes?post=2172"},{"taxonomy":"semestre","embeddable":true,"href":"https:\/\/editorialjande.com\/fr\/wp-json\/wp\/v2\/semestre?post=2172"},{"taxonomy":"product_brand","embeddable":true,"href":"https:\/\/editorialjande.com\/fr\/wp-json\/wp\/v2\/product_brand?post=2172"},{"taxonomy":"product_cat","embeddable":true,"href":"https:\/\/editorialjande.com\/fr\/wp-json\/wp\/v2\/product_cat?post=2172"},{"taxonomy":"product_tag","embeddable":true,"href":"https:\/\/editorialjande.com\/fr\/wp-json\/wp\/v2\/product_tag?post=2172"}],"curies":[{"name":"wp","href":"https:\/\/api.w.org\/{rel}","templated":true}]}}