{"id":2173,"date":"2025-08-04T18:19:03","date_gmt":"2025-08-04T18:19:03","guid":{"rendered":"https:\/\/editorialjande.com\/?post_type=product&#038;p=2173"},"modified":"2025-11-11T11:34:00","modified_gmt":"2025-11-11T11:34:00","slug":"collage-per-passar-diumenge-enas-sultan","status":"publish","type":"product","link":"https:\/\/editorialjande.com\/fr\/produit\/collage-per-passar-diumenge-enas-sultan\/","title":{"rendered":"Collage per passar el diumenge"},"content":{"rendered":"<p>Aquesta edici\u00f3 biling\u00fce en \u00e0rab i catal\u00e0 ens endinsa de ple en l\u2019imaginari de la poeta palestina Enas Sultan. Origin\u00e0ria de Gaza, Sultan escriu des del refugi amb un estil propi que recull q\u00fcestions universals i les reconstrueix amb met\u00e0fores poc convencionals.<\/p>\n<p>En l\u2019acte creatiu, per\u00f2, l\u2019autora no pret\u00e9n plasmar la trag\u00e8dia de Gaza directament sobre la p\u00e0gina, sin\u00f3 que se centra en els neguits i reflexions d\u2019una dona jove des de l\u2019espai l\u00edmit de la seva habitaci\u00f3.<\/p>\n<p><strong><em>Feminitat, amor, llibertat, llar, fam\u00edlia: la poeta de Gaza hi reflexiona fent \u00fas d\u2019un llenguatge po\u00e8tic, \u00edntim i alliberador.<\/em><\/strong><\/p>","protected":false},"excerpt":{"rendered":"<p><strong>Obra guardonada amb el premi Roissy-en-Brie 2024 per a persones refugiades que convoca el PEN Catal\u00e0 <\/strong><\/p>","protected":false},"featured_media":2252,"template":"","meta":{"_acf_changed":false},"any":[53],"autor":[97],"colleccio":[52],"mes":[56],"semestre":[66],"product_brand":[],"product_cat":[87],"product_tag":[],"class_list":{"0":"post-2173","1":"product","2":"type-product","3":"status-publish","4":"has-post-thumbnail","6":"any-53","7":"autor-enas-sultan","8":"colleccio-taali","9":"mes-octubre","10":"semestre-2n","11":"product_cat-cataleg","13":"first","14":"instock","15":"shipping-taxable","16":"purchasable","17":"product-type-simple"},"acf":[],"_links":{"self":[{"href":"https:\/\/editorialjande.com\/fr\/wp-json\/wp\/v2\/product\/2173","targetHints":{"allow":["GET"]}}],"collection":[{"href":"https:\/\/editorialjande.com\/fr\/wp-json\/wp\/v2\/product"}],"about":[{"href":"https:\/\/editorialjande.com\/fr\/wp-json\/wp\/v2\/types\/product"}],"wp:featuredmedia":[{"embeddable":true,"href":"https:\/\/editorialjande.com\/fr\/wp-json\/wp\/v2\/media\/2252"}],"wp:attachment":[{"href":"https:\/\/editorialjande.com\/fr\/wp-json\/wp\/v2\/media?parent=2173"}],"wp:term":[{"taxonomy":"any","embeddable":true,"href":"https:\/\/editorialjande.com\/fr\/wp-json\/wp\/v2\/any?post=2173"},{"taxonomy":"autor","embeddable":true,"href":"https:\/\/editorialjande.com\/fr\/wp-json\/wp\/v2\/autor?post=2173"},{"taxonomy":"colleccio","embeddable":true,"href":"https:\/\/editorialjande.com\/fr\/wp-json\/wp\/v2\/colleccio?post=2173"},{"taxonomy":"mes","embeddable":true,"href":"https:\/\/editorialjande.com\/fr\/wp-json\/wp\/v2\/mes?post=2173"},{"taxonomy":"semestre","embeddable":true,"href":"https:\/\/editorialjande.com\/fr\/wp-json\/wp\/v2\/semestre?post=2173"},{"taxonomy":"product_brand","embeddable":true,"href":"https:\/\/editorialjande.com\/fr\/wp-json\/wp\/v2\/product_brand?post=2173"},{"taxonomy":"product_cat","embeddable":true,"href":"https:\/\/editorialjande.com\/fr\/wp-json\/wp\/v2\/product_cat?post=2173"},{"taxonomy":"product_tag","embeddable":true,"href":"https:\/\/editorialjande.com\/fr\/wp-json\/wp\/v2\/product_tag?post=2173"}],"curies":[{"name":"wp","href":"https:\/\/api.w.org\/{rel}","templated":true}]}}