{"id":2769,"date":"2026-04-16T08:47:06","date_gmt":"2026-04-16T08:47:06","guid":{"rendered":"https:\/\/editorialjande.com\/?post_type=product&#038;p=2769"},"modified":"2026-04-16T08:53:00","modified_gmt":"2026-04-16T08:53:00","slug":"la-frontera-de-latzar","status":"publish","type":"product","link":"https:\/\/editorialjande.com\/fr\/produit\/la-frontera-de-latzar\/","title":{"rendered":"La frontera de l&#8217;atzar"},"content":{"rendered":"<p><span style=\"font-weight: 400;\">Un dia qualsevol, en Youssef \u00e9s sotm\u00e8s a un \u00abcontrol rutinari\u00bb de la policia mentre va de cam\u00ed a la feina. <strong>No \u00e9s la primera vegada, ni, per descomptat, l\u2019\u00faltima, que la policia l\u2019aturar\u00e0<\/strong> per la seva aparen\u00e7a f\u00edsica, en altres paraules, <strong>per la seva cara de <em>moro<\/em><\/strong>.<\/span><\/p>\n<p><span style=\"font-weight: 400;\">Aix\u00ed comen\u00e7a <\/span><i><span style=\"font-weight: 400;\">La frontera de l\u2019atzar<\/span><\/i><span style=\"font-weight: 400;\">, un relat en primera persona escrit amb l\u2019aval de l\u2019experi\u00e8ncia professional de l\u2019autor sobre la viol\u00e8ncia racial i colonial que els pa\u00efsos de la UE, incloent-hi l\u2019Estat espanyol, exerceixen sobre les persones racialitzades pel simple fet de no ser blanques.<\/span><\/p>\n<p><strong>Qu\u00e8 \u00e9s la perfilaci\u00f3 racial? Quina \u00e9s la frontera que dicta qui t\u00e9 la capacitat i el dret de ser hum\u00e0 o, per contra, de no ser considerat com a tal? Com s\u2019articula?<\/strong><\/p>\n<p><span style=\"font-weight: 400;\">El periodista i investigador Youssef M. Ouled, cofundador d\u2019AlgoRace, una organitzaci\u00f3 que investiga l\u2019impacte de la IA en les persones migrants i racialitzades, pren la paraula i al\u00e7a la veu per denunciar una realitat que solem relacionar amb els EUA, per\u00f2 que tamb\u00e9 passa al nostre pa\u00eds: el racisme exercit per part de les Forces i Cossos de Seguretat no nom\u00e9s persegueix, empresona i expulsa, sin\u00f3 que tamb\u00e9 mata.<\/span><\/p>\n<p><span style=\"font-weight: 400;\">Ouled converteix els n\u00fameros en noms, mentre parla del passat colonial del Rif, posa en q\u00fcesti\u00f3 l\u2019exist\u00e8ncia dels CIE, la necropol\u00edtica migrat\u00f2ria de la UE i analitza l\u2019\u00fas de la IA en els controls fronterers.<strong> Aquest text es convertir\u00e0 en una eina de gran valor per repensar com la nostra societat integra la viol\u00e8ncia, la invisibilitzaci\u00f3 i els espais de lluita i resist\u00e8ncia.<\/strong><\/span><\/p>","protected":false},"excerpt":{"rendered":"<p style=\"text-align: center;\"><b>Una exposici\u00f3 l\u00facida, documentada i necess\u00e0ria dels mecanismes hist\u00f2rics i fatalment actuals que perpetuen la viol\u00e8ncia racista policial i social a l\u2019Estat espanyol.<\/b><\/p>","protected":false},"featured_media":0,"template":"","meta":{"_acf_changed":false},"any":[127],"autor":[126],"colleccio":[51],"mes":[],"semestre":[],"product_brand":[],"product_cat":[87],"product_tag":[130,134,132,129,131,133,135,128],"class_list":{"0":"post-2769","1":"product","2":"type-product","3":"status-publish","5":"any-127","6":"autor-youssef-m-ouled","7":"colleccio-nazra","8":"product_cat-cataleg","9":"product_tag-antiracisme","10":"product_tag-experiencia","11":"product_tag-marroc","12":"product_tag-periodisme","13":"product_tag-policia","14":"product_tag-racial","15":"product_tag-relat-personal","16":"product_tag-youssef-ouled","18":"first","19":"instock","20":"shipping-taxable","21":"purchasable","22":"product-type-simple"},"acf":[],"_links":{"self":[{"href":"https:\/\/editorialjande.com\/fr\/wp-json\/wp\/v2\/product\/2769","targetHints":{"allow":["GET"]}}],"collection":[{"href":"https:\/\/editorialjande.com\/fr\/wp-json\/wp\/v2\/product"}],"about":[{"href":"https:\/\/editorialjande.com\/fr\/wp-json\/wp\/v2\/types\/product"}],"wp:attachment":[{"href":"https:\/\/editorialjande.com\/fr\/wp-json\/wp\/v2\/media?parent=2769"}],"wp:term":[{"taxonomy":"any","embeddable":true,"href":"https:\/\/editorialjande.com\/fr\/wp-json\/wp\/v2\/any?post=2769"},{"taxonomy":"autor","embeddable":true,"href":"https:\/\/editorialjande.com\/fr\/wp-json\/wp\/v2\/autor?post=2769"},{"taxonomy":"colleccio","embeddable":true,"href":"https:\/\/editorialjande.com\/fr\/wp-json\/wp\/v2\/colleccio?post=2769"},{"taxonomy":"mes","embeddable":true,"href":"https:\/\/editorialjande.com\/fr\/wp-json\/wp\/v2\/mes?post=2769"},{"taxonomy":"semestre","embeddable":true,"href":"https:\/\/editorialjande.com\/fr\/wp-json\/wp\/v2\/semestre?post=2769"},{"taxonomy":"product_brand","embeddable":true,"href":"https:\/\/editorialjande.com\/fr\/wp-json\/wp\/v2\/product_brand?post=2769"},{"taxonomy":"product_cat","embeddable":true,"href":"https:\/\/editorialjande.com\/fr\/wp-json\/wp\/v2\/product_cat?post=2769"},{"taxonomy":"product_tag","embeddable":true,"href":"https:\/\/editorialjande.com\/fr\/wp-json\/wp\/v2\/product_tag?post=2769"}],"curies":[{"name":"wp","href":"https:\/\/api.w.org\/{rel}","templated":true}]}}