{"id":723,"date":"2024-10-26T08:51:03","date_gmt":"2024-10-26T08:51:03","guid":{"rendered":"https:\/\/editorialjande.com\/?post_type=cataleg&#038;p=723"},"modified":"2026-05-03T09:27:21","modified_gmt":"2026-05-03T09:27:21","slug":"je-suis-fan","status":"publish","type":"product","link":"https:\/\/editorialjande.com\/fr\/produit\/je-suis-fan\/","title":{"rendered":"Soc fan"},"content":{"rendered":"<p>L\u2019espectacular primera novel\u00b7la de Sheena Patel comen\u00e7a amb una narradora sense nom, filla d\u2019immigrants i a prop de fer els trenta, que descriu la seva participaci\u00f3 en una cadena de relacions afectives t\u00f2xiques i desiguals. Amb una mirada directa, despietada i implacable, dissecciona el comportament de tots els implicats, inclosa ella mateixa, i estableix connexions sorprenents entre les lluites de poder que mouen el cor i el desig de les relacions humanes i les del m\u00f3n en general.<\/p>\n<p><em>Soc fan<\/em>\u00a0ofereix, a trav\u00e9s d\u2019una narraci\u00f3 vertiginosa, una cr\u00edtica demolidora al privilegi de classe, les xarxes socials, el domini del patriarcat i l\u2019obsessi\u00f3 imperant per l\u2019estatus, el reconeixement i l\u2019efecte que aix\u00f2 provoca en nosaltres.<\/p>\n<p>En aquest debut inoblidable, Patel s\u2019anuncia com una veu nova i din\u00e0mica de la literatura, capa\u00e7 de plasmar visceralment a la p\u00e0gina una muntanya russa d\u2019emocions i viv\u00e8ncies. Sexe, brutalitat, pol\u00edtica, feina, art, tendresa, humor: Patel ho aborda i analitza mentre ens fa c\u00f2mplices de la trampa ineludible del\u00a0<em>fandom\u00a0<\/em>que sembla definir la modernitat.<\/p>","protected":false},"excerpt":{"rendered":"<p style=\"text-align: center;\"><strong>Millor novel\u00b7la debut 2022 per<em> The Observer<\/em><\/strong><br \/>\n<strong>Finalista del Dylan Thomas Prize 2023<\/strong><br \/>\n<strong>Finalista del British Book Award 2023<\/strong><br \/>\n<strong>Nominat al Women&#8217;s Prize for Fiction 2023<\/strong><\/p>\n<p>&nbsp;<\/p>\n<p style=\"text-align: center;\">\u00abHe llegit aquest debut d\u2019una tirada durant l\u2019estiu\u2026 La veu narrativa \u00e9s hipn\u00f2tica, hilarant i inesperada en el millor dels sentits. No pots parar de llegir.\u00bb<br \/>\n<strong>Ottessa Moshfegh<\/strong><\/p>\n<p style=\"text-align: center;\">\u00abUn debut addictiu i intens. Sentir\u00e0s vergonya aliena, riur\u00e0s, voldr\u00e0s cremar-ho tot. Una oda morda\u00e7 als psic\u00f2pates i als idiotes.\u00bb<br \/>\n<strong>Rachel Yoder<\/strong><\/p>\n<p style=\"text-align: center;\">\u00abHipnotitzant, poder\u00f3s i espl\u00e8ndidament narrat.\u00bb<br \/>\n<strong>Olivia Sudjic<\/strong><\/p>\n<p style=\"text-align: center;\">\u00abUn debut brutal i brillant\u2026 Mai havia llegit una veu narrativa amb una desesperaci\u00f3 i for\u00e7a continguda com les que trobem a <em>Soc fan<\/em>.\u00bb<br \/>\n<em><strong>The Guardian<\/strong><\/em><\/p>\n<p style=\"text-align: center;\">\u00abExtremadament autoconscient, la narradora se sap atrapada en un cicle de desig pel que m\u00e9s odia: la riquesa, la influ\u00e8ncia, els fans, el prestigi, els objectes de luxe\u2026 Ca\u00f2tica i cat\u00e0rtica.\u00bb<br \/>\n<em><strong>Kirkus Reviews<\/strong><\/em><\/p>\n<p style=\"text-align: center;\">\u00abUn debut de focs artificials, \u00e0gil i efervescent. [&#8230;] Indaga en les profunditats fosques de la coacci\u00f3, la seducci\u00f3 i les din\u00e0miques de l\u2019abusador\u2026 \u00c9s una novel\u00b7la que gira entorn a donar veu, i la de Patel \u00e9s \u00fanica i poderosa.\u00bb<br \/>\n<em><strong>The Observer<\/strong><\/em><\/p>\n<p style=\"text-align: center;\">\u00ab<em>Soc fan<\/em> clava les ungles a les contradiccions del poder i l\u2019estatus amb una mirada brutalment penetrant. \u00c9s estrany trobar un llibre que no tingui gens de por d\u2019ofendre, que estigui tan disposat a deixar de banda els eufemismes desbordant d\u2019energia.\u00bb<br \/>\n<strong>Alexandra Kleeman<\/strong><\/p>\n","protected":false},"featured_media":2074,"template":"","meta":{"_acf_changed":false},"any":[53],"autor":[73],"colleccio":[52],"mes":[60],"semestre":[67],"product_brand":[],"product_cat":[87],"product_tag":[],"class_list":{"0":"post-723","1":"product","2":"type-product","3":"status-publish","4":"has-post-thumbnail","6":"any-53","7":"autor-sheena-patel","8":"colleccio-taali","9":"mes-juny","10":"semestre-1r","11":"product_cat-cataleg","13":"first","14":"instock","15":"shipping-taxable","16":"purchasable","17":"product-type-simple"},"acf":[],"_links":{"self":[{"href":"https:\/\/editorialjande.com\/fr\/wp-json\/wp\/v2\/product\/723","targetHints":{"allow":["GET"]}}],"collection":[{"href":"https:\/\/editorialjande.com\/fr\/wp-json\/wp\/v2\/product"}],"about":[{"href":"https:\/\/editorialjande.com\/fr\/wp-json\/wp\/v2\/types\/product"}],"wp:featuredmedia":[{"embeddable":true,"href":"https:\/\/editorialjande.com\/fr\/wp-json\/wp\/v2\/media\/2074"}],"wp:attachment":[{"href":"https:\/\/editorialjande.com\/fr\/wp-json\/wp\/v2\/media?parent=723"}],"wp:term":[{"taxonomy":"any","embeddable":true,"href":"https:\/\/editorialjande.com\/fr\/wp-json\/wp\/v2\/any?post=723"},{"taxonomy":"autor","embeddable":true,"href":"https:\/\/editorialjande.com\/fr\/wp-json\/wp\/v2\/autor?post=723"},{"taxonomy":"colleccio","embeddable":true,"href":"https:\/\/editorialjande.com\/fr\/wp-json\/wp\/v2\/colleccio?post=723"},{"taxonomy":"mes","embeddable":true,"href":"https:\/\/editorialjande.com\/fr\/wp-json\/wp\/v2\/mes?post=723"},{"taxonomy":"semestre","embeddable":true,"href":"https:\/\/editorialjande.com\/fr\/wp-json\/wp\/v2\/semestre?post=723"},{"taxonomy":"product_brand","embeddable":true,"href":"https:\/\/editorialjande.com\/fr\/wp-json\/wp\/v2\/product_brand?post=723"},{"taxonomy":"product_cat","embeddable":true,"href":"https:\/\/editorialjande.com\/fr\/wp-json\/wp\/v2\/product_cat?post=723"},{"taxonomy":"product_tag","embeddable":true,"href":"https:\/\/editorialjande.com\/fr\/wp-json\/wp\/v2\/product_tag?post=723"}],"curies":[{"name":"wp","href":"https:\/\/api.w.org\/{rel}","templated":true}]}}