{"id":724,"date":"2025-12-26T08:53:29","date_gmt":"2025-12-26T08:53:29","guid":{"rendered":"https:\/\/editorialjande.com\/?post_type=cataleg&#038;p=724"},"modified":"2026-05-11T15:43:10","modified_gmt":"2026-05-11T15:43:10","slug":"elfrau","status":"publish","type":"product","link":"https:\/\/editorialjande.com\/fr\/produit\/elfrau\/","title":{"rendered":"El frau"},"content":{"rendered":"<p>\u00c9s l\u2019any 1873. Eliza Touchet \u00e9s la mestressa de casa \u2014i cosina per matrimoni\u2014 d\u2019un novel\u00b7lista fam\u00f3s, ara en decad\u00e8ncia, William Ainsworth. La senyora Touchet \u00e9s una dona amb molts interessos (literatura, just\u00edcia, abolicionisme, classe, g\u00e8nere, el seu cos\u00ed, les seves dones), per\u00f2 tamb\u00e9 \u00e9s esc\u00e8ptica: sospita que el seu cos\u00ed no t\u00e9 talent i que Anglaterra \u00e9s una terra de fa\u00e7anes on res \u00e9s ben b\u00e9 el que sembla.<span class=\"Apple-converted-space\">\u00a0<\/span><\/p>\n<p>Per\u00f2 un cas captiva la senyora Touchet i tota Anglaterra: el judici sobre la identitat de Sir Tichborne, en el qual trobem que Andrew Bogle, que s\u2019ha criat com a esclau en una plantaci\u00f3 a Jamaica, s\u2019ha convertit en el testimoni estrella. Bogle sap que tot t\u00e9 un preu, que els rics enganyen els pobres i que el seu futur dep\u00e8n d\u2019explicar la hist\u00f2ria correcta. \u00c9s Sir Roger Tichborne realment qui diu ser, l\u2019hereu perdut de la fam\u00edlia Tichborne? O potser \u00e9s un frau?<span class=\"Apple-converted-space\">\u00a0<\/span><\/p>\n<p>Basada en fets hist\u00f2rics reals, Zadie Smith torna amb una novel\u00b7la hist\u00f2rica virtuosa, plena d\u2019ironia i matisos agud\u00edssims i cr\u00edtics, per parlar-nos d\u2019un calidoscopi de q\u00fcestions ben actuals (el passat colonial d\u2019Anglaterra, el masclisme, el racisme, l\u2019escriptura, les vanitats), per\u00f2 sobretot per preguntar-nos: en un m\u00f3n d\u2019hipocresia i autoengany, qui t\u00e9 dret a decidir qu\u00e8 \u00e9s real i qu\u00e8 no?<span class=\"Apple-converted-space\">\u00a0<\/span><\/p>","protected":false},"excerpt":{"rendered":"<p style=\"text-align: center;\"><b>Finalista del Writers\u2019 Prize, 2024<span class=\"Apple-converted-space\">\u00a0<\/span><\/b><b><\/b><\/p>\n<p style=\"text-align: center;\"><b>El LLIBRE DE L\u2019ANY segons:<span class=\"Apple-converted-space\">\u00a0<\/span><\/b><b><\/b><\/p>\n<p style=\"text-align: center;\"><i>The Guardian, Economics, The Observer, The Spectator, Financial Times, Vogue, The Times, The New York Times, Oldie, The New Yorker, i, Standard, The Washington Post, Independent, Daily Express<span class=\"Apple-converted-space\">\u00a0<\/span><\/i><\/p>\n<p style=\"text-align: center;\"><strong>Premi Sunday Times for Literary Exellence<\/strong><\/p>\n<p style=\"text-align: center;\">\u00abDemolidorament bo. La seva novel\u00b7la m\u00e9s divertida fins ara. Smith presenta una imatge espurnejant de societats bessones que flueixen.\u00bb, <b><\/b><b><i>The Observer <\/i><\/b><\/p>\n<p style=\"text-align: center;\">\u00abEnlluernadora\u00bb, <em><strong>The Guardian<\/strong><\/em><\/p>\n<p style=\"text-align: center;\">\u00abFascinant. Un triomf de la ficci\u00f3 hist\u00f2rica\u00bb,<em><strong> Publishers Weekly<\/strong><\/em><\/p>\n<p style=\"text-align: center;\">\u00abVirtu\u00f3s&#8230; Morda\u00e7ment original.\u00bb, <b><\/b><b><i>Vogue<span class=\"Apple-converted-space\">\u00a0<\/span><\/i><\/b><\/p>\n<p style=\"text-align: center;\">\u00abGenial. Una del\u00edcia dickensiana.\u00bb, <b><\/b><b><i>Los Angeles Times<span class=\"Apple-converted-space\">\u00a0<\/span><\/i><\/b><\/p>\n<p style=\"text-align: center;\">","protected":false},"featured_media":2298,"template":"","meta":{"_acf_changed":false},"any":[53],"autor":[74],"colleccio":[52],"mes":[54],"semestre":[66],"product_brand":[],"product_cat":[87],"product_tag":[],"class_list":{"0":"post-724","1":"product","2":"type-product","3":"status-publish","4":"has-post-thumbnail","6":"any-53","7":"autor-zadie-smith","8":"colleccio-taali","9":"mes-desembre","10":"semestre-2n","11":"product_cat-cataleg","13":"first","14":"instock","15":"shipping-taxable","16":"purchasable","17":"product-type-simple"},"acf":[],"_links":{"self":[{"href":"https:\/\/editorialjande.com\/fr\/wp-json\/wp\/v2\/product\/724","targetHints":{"allow":["GET"]}}],"collection":[{"href":"https:\/\/editorialjande.com\/fr\/wp-json\/wp\/v2\/product"}],"about":[{"href":"https:\/\/editorialjande.com\/fr\/wp-json\/wp\/v2\/types\/product"}],"wp:featuredmedia":[{"embeddable":true,"href":"https:\/\/editorialjande.com\/fr\/wp-json\/wp\/v2\/media\/2298"}],"wp:attachment":[{"href":"https:\/\/editorialjande.com\/fr\/wp-json\/wp\/v2\/media?parent=724"}],"wp:term":[{"taxonomy":"any","embeddable":true,"href":"https:\/\/editorialjande.com\/fr\/wp-json\/wp\/v2\/any?post=724"},{"taxonomy":"autor","embeddable":true,"href":"https:\/\/editorialjande.com\/fr\/wp-json\/wp\/v2\/autor?post=724"},{"taxonomy":"colleccio","embeddable":true,"href":"https:\/\/editorialjande.com\/fr\/wp-json\/wp\/v2\/colleccio?post=724"},{"taxonomy":"mes","embeddable":true,"href":"https:\/\/editorialjande.com\/fr\/wp-json\/wp\/v2\/mes?post=724"},{"taxonomy":"semestre","embeddable":true,"href":"https:\/\/editorialjande.com\/fr\/wp-json\/wp\/v2\/semestre?post=724"},{"taxonomy":"product_brand","embeddable":true,"href":"https:\/\/editorialjande.com\/fr\/wp-json\/wp\/v2\/product_brand?post=724"},{"taxonomy":"product_cat","embeddable":true,"href":"https:\/\/editorialjande.com\/fr\/wp-json\/wp\/v2\/product_cat?post=724"},{"taxonomy":"product_tag","embeddable":true,"href":"https:\/\/editorialjande.com\/fr\/wp-json\/wp\/v2\/product_tag?post=724"}],"curies":[{"name":"wp","href":"https:\/\/api.w.org\/{rel}","templated":true}]}}